{"id":484,"date":"2021-07-19T21:39:04","date_gmt":"2021-07-20T00:39:04","guid":{"rendered":"https:\/\/www.hormigonerasa.com.ar\/?page_id=484"},"modified":"2021-08-04T22:30:28","modified_gmt":"2021-08-05T01:30:28","slug":"obras","status":"publish","type":"page","link":"https:\/\/www.hormigonerasa.com.ar\/?page_id=484","title":{"rendered":"Obras"},"content":{"rendered":"<p>[et_pb_section fb_built=&#8221;1&#8243; custom_padding_last_edited=&#8221;on|phone&#8221; admin_label=&#8221;Hero Section&#8221; _builder_version=&#8221;4.9.10&#8243; use_background_color_gradient=&#8221;on&#8221; background_color_gradient_start=&#8221;rgba(255,255,255,0)&#8221; background_color_gradient_end=&#8221;#ffffff&#8221; background_color_gradient_overlays_image=&#8221;on&#8221; background_image=&#8221;https:\/\/www.hormigonerasa.com.ar\/wp-content\/uploads\/2021\/07\/DSC_1548-scaled.jpg&#8221; custom_padding=&#8221;150px|0px|150px|0px|false|false&#8221; custom_padding_tablet=&#8221;|||&#8221; custom_padding_phone=&#8221;|||&#8221; da_disable_devices=&#8221;off|off|off&#8221; da_is_popup=&#8221;off&#8221; da_exit_intent=&#8221;off&#8221; da_has_close=&#8221;on&#8221; da_alt_close=&#8221;off&#8221; da_dark_close=&#8221;off&#8221; da_not_modal=&#8221;on&#8221; da_is_singular=&#8221;off&#8221; da_with_loader=&#8221;off&#8221; da_has_shadow=&#8221;on&#8221;][et_pb_row _builder_version=&#8221;3.25&#8243; custom_padding=&#8221;|||&#8221; animation_style=&#8221;slide&#8221; animation_direction=&#8221;bottom&#8221; animation_intensity_slide=&#8221;10%&#8221;][et_pb_column type=&#8221;4_4&#8243; _builder_version=&#8221;3.25&#8243; custom_padding=&#8221;|||&#8221; custom_padding__hover=&#8221;|||&#8221;][et_pb_text admin_label=&#8221;Title and subhead&#8221; _builder_version=&#8221;3.27.4&#8243; text_font=&#8221;Ubuntu||||||||&#8221; text_font_size=&#8221;16px&#8221; text_line_height=&#8221;1.8em&#8221; header_font=&#8221;Montserrat|700|||||||&#8221; header_font_size=&#8221;50px&#8221; header_line_height=&#8221;1.4em&#8221; header_2_font=&#8221;||||||||&#8221; text_orientation=&#8221;center&#8221; max_width=&#8221;600px&#8221; module_alignment=&#8221;center&#8221; header_font_size_tablet=&#8221;&#8221; header_font_size_phone=&#8221;40px&#8221; header_font_size_last_edited=&#8221;on|desktop&#8221; locked=&#8221;off&#8221;]<\/p>\n<h1>Obras Realizadas<\/h1>\n<p>&nbsp;<\/p>\n<p>[\/et_pb_text][\/et_pb_column][\/et_pb_row][\/et_pb_section][et_pb_section fb_built=&#8221;1&#8243; _builder_version=&#8221;3.22&#8243; da_disable_devices=&#8221;off|off|off&#8221; da_is_popup=&#8221;off&#8221; da_exit_intent=&#8221;off&#8221; da_has_close=&#8221;on&#8221; da_alt_close=&#8221;off&#8221; da_dark_close=&#8221;off&#8221; da_not_modal=&#8221;on&#8221; da_is_singular=&#8221;off&#8221; da_with_loader=&#8221;off&#8221; da_has_shadow=&#8221;on&#8221;][et_pb_row _builder_version=&#8221;4.9.10&#8243; animation_style=&#8221;slide&#8221; animation_direction=&#8221;right&#8221;][et_pb_column type=&#8221;4_4&#8243; _builder_version=&#8221;3.25&#8243; custom_padding=&#8221;|||&#8221; custom_padding__hover=&#8221;|||&#8221;][et_pb_text _builder_version=&#8221;4.9.10&#8243; _module_preset=&#8221;default&#8221; header_3_font=&#8221;Montserrat|700|||||||&#8221; header_3_font_size=&#8221;35px&#8221; animation_style=&#8221;fade&#8221;]<\/p>\n<h3>Ruta 168<\/h3>\n<p>[\/et_pb_text][et_pb_slider _builder_version=&#8221;4.9.10&#8243; _module_preset=&#8221;default&#8221; custom_margin=&#8221;-22px|||||&#8221; custom_padding=&#8221;0px||58%||false|false&#8221; animation_style=&#8221;fade&#8221;][et_pb_slide _builder_version=&#8221;4.9.10&#8243; _module_preset=&#8221;default&#8221; background_image=&#8221;http:\/\/www.hormigonerasa.com.ar\/wp-content\/uploads\/2021\/07\/168-4.jpg&#8221; background_enable_image=&#8221;on&#8221; sticky_transition=&#8221;on&#8221;][\/et_pb_slide][et_pb_slide _builder_version=&#8221;4.9.10&#8243; _module_preset=&#8221;default&#8221; background_image=&#8221;http:\/\/www.hormigonerasa.com.ar\/wp-content\/uploads\/2021\/07\/DSC05536.jpg&#8221; background_enable_image=&#8221;on&#8221; sticky_transition=&#8221;on&#8221;][\/et_pb_slide][et_pb_slide _builder_version=&#8221;4.9.10&#8243; _module_preset=&#8221;default&#8221; background_image=&#8221;http:\/\/www.hormigonerasa.com.ar\/wp-content\/uploads\/2021\/07\/168-2-scaled.jpg&#8221; background_enable_image=&#8221;on&#8221; sticky_transition=&#8221;on&#8221;][\/et_pb_slide][et_pb_slide _builder_version=&#8221;4.9.10&#8243; _module_preset=&#8221;default&#8221; background_image=&#8221;http:\/\/www.hormigonerasa.com.ar\/wp-content\/uploads\/2021\/07\/168-3.jpg&#8221; background_enable_image=&#8221;on&#8221; sticky_transition=&#8221;on&#8221;][\/et_pb_slide][et_pb_slide _builder_version=&#8221;4.9.10&#8243; _module_preset=&#8221;default&#8221; background_image=&#8221;http:\/\/www.hormigonerasa.com.ar\/wp-content\/uploads\/2021\/07\/DSC05901.jpg&#8221; background_enable_image=&#8221;on&#8221; sticky_transition=&#8221;on&#8221;][\/et_pb_slide][\/et_pb_slider][\/et_pb_column][\/et_pb_row][et_pb_row _builder_version=&#8221;4.9.10&#8243; animation_style=&#8221;slide&#8221; animation_direction=&#8221;left&#8221;][et_pb_column type=&#8221;4_4&#8243; _builder_version=&#8221;3.25&#8243; custom_padding=&#8221;|||&#8221; custom_padding__hover=&#8221;|||&#8221;][et_pb_text _builder_version=&#8221;4.9.10&#8243; _module_preset=&#8221;default&#8221; header_3_font=&#8221;Montserrat|700|||||||&#8221; header_3_font_size=&#8221;35px&#8221; animation_style=&#8221;fade&#8221;]<\/p>\n<h3>Circunvalaci\u00f3n\u00a0 Santa F\u00e9<\/h3>\n<p>[\/et_pb_text][et_pb_slider _builder_version=&#8221;4.9.10&#8243; _module_preset=&#8221;default&#8221; custom_margin=&#8221;-22px|||||&#8221; custom_padding=&#8221;0px||58%||false|false&#8221; animation_style=&#8221;fade&#8221;][et_pb_slide _builder_version=&#8221;4.9.10&#8243; _module_preset=&#8221;default&#8221; background_image=&#8221;http:\/\/www.hormigonerasa.com.ar\/wp-content\/uploads\/2021\/07\/circunvalacion-stafe-2.jpg&#8221; background_enable_image=&#8221;on&#8221; sticky_transition=&#8221;on&#8221;][\/et_pb_slide][et_pb_slide _builder_version=&#8221;4.9.10&#8243; _module_preset=&#8221;default&#8221; background_image=&#8221;http:\/\/www.hormigonerasa.com.ar\/wp-content\/uploads\/2021\/07\/circunvalacion-stafe-1.jpg&#8221; background_enable_image=&#8221;on&#8221; sticky_transition=&#8221;on&#8221;][\/et_pb_slide][et_pb_slide _builder_version=&#8221;4.9.10&#8243; _module_preset=&#8221;default&#8221; background_image=&#8221;http:\/\/www.hormigonerasa.com.ar\/wp-content\/uploads\/2021\/07\/circunvalacion-stafe-3.jpg&#8221; background_enable_image=&#8221;on&#8221; sticky_transition=&#8221;on&#8221;][\/et_pb_slide][et_pb_slide _builder_version=&#8221;4.9.10&#8243; _module_preset=&#8221;default&#8221; background_image=&#8221;http:\/\/www.hormigonerasa.com.ar\/wp-content\/uploads\/2021\/07\/circunvalacion-stafe-4.jpg&#8221; background_enable_image=&#8221;on&#8221; sticky_transition=&#8221;on&#8221;][\/et_pb_slide][\/et_pb_slider][\/et_pb_column][\/et_pb_row][et_pb_row _builder_version=&#8221;4.9.10&#8243; animation_style=&#8221;slide&#8221; animation_direction=&#8221;right&#8221;][et_pb_column type=&#8221;4_4&#8243; _builder_version=&#8221;3.25&#8243; custom_padding=&#8221;|||&#8221; custom_padding__hover=&#8221;|||&#8221;][et_pb_text _builder_version=&#8221;4.9.10&#8243; _module_preset=&#8221;default&#8221; header_3_font=&#8221;Montserrat|700|||||||&#8221; header_3_font_size=&#8221;35px&#8221; animation_style=&#8221;fade&#8221;]<\/p>\n<h3>Ruta 9<\/h3>\n<p>[\/et_pb_text][et_pb_slider _builder_version=&#8221;4.9.10&#8243; _module_preset=&#8221;default&#8221; custom_margin=&#8221;-22px|||||&#8221; custom_padding=&#8221;0px||58%||false|false&#8221; animation_style=&#8221;fade&#8221;][et_pb_slide _builder_version=&#8221;4.9.10&#8243; _module_preset=&#8221;default&#8221; background_image=&#8221;http:\/\/www.hormigonerasa.com.ar\/wp-content\/uploads\/2021\/07\/ruta9-5.jpg&#8221; background_enable_image=&#8221;on&#8221; sticky_transition=&#8221;on&#8221;][\/et_pb_slide][et_pb_slide _builder_version=&#8221;4.9.10&#8243; _module_preset=&#8221;default&#8221; background_image=&#8221;http:\/\/www.hormigonerasa.com.ar\/wp-content\/uploads\/2021\/07\/ruta9-3.jpg&#8221; background_enable_image=&#8221;on&#8221; sticky_transition=&#8221;on&#8221;][\/et_pb_slide][et_pb_slide _builder_version=&#8221;4.9.10&#8243; _module_preset=&#8221;default&#8221; background_image=&#8221;http:\/\/www.hormigonerasa.com.ar\/wp-content\/uploads\/2021\/07\/ruta9-1.jpg&#8221; background_enable_image=&#8221;on&#8221; sticky_transition=&#8221;on&#8221;][\/et_pb_slide][et_pb_slide _builder_version=&#8221;4.9.10&#8243; _module_preset=&#8221;default&#8221; background_image=&#8221;http:\/\/www.hormigonerasa.com.ar\/wp-content\/uploads\/2021\/07\/ruta9-4.jpg&#8221; background_enable_image=&#8221;on&#8221; sticky_transition=&#8221;on&#8221;][\/et_pb_slide][et_pb_slide _builder_version=&#8221;4.9.10&#8243; _module_preset=&#8221;default&#8221; background_image=&#8221;http:\/\/www.hormigonerasa.com.ar\/wp-content\/uploads\/2021\/07\/ruta9-2.jpg&#8221; background_enable_image=&#8221;on&#8221; sticky_transition=&#8221;on&#8221;][\/et_pb_slide][\/et_pb_slider][\/et_pb_column][\/et_pb_row][\/et_pb_section][et_pb_section fb_built=&#8221;1&#8243; admin_label=&#8221;Feature &#8211; Image Right&#8221; _builder_version=&#8221;3.22&#8243; background_color=&#8221;#f3f5f9&#8243; custom_padding=&#8221;0px|0px|0px|0px&#8221; da_disable_devices=&#8221;off|off|off&#8221; box_shadow_style=&#8221;preset7&#8243; box_shadow_horizontal=&#8221;0px&#8221; box_shadow_vertical=&#8221;80px&#8221; box_shadow_color=&#8221;#ffffff&#8221; da_is_popup=&#8221;off&#8221; da_exit_intent=&#8221;off&#8221; da_has_close=&#8221;on&#8221; da_alt_close=&#8221;off&#8221; da_dark_close=&#8221;off&#8221; da_not_modal=&#8221;on&#8221; da_is_singular=&#8221;off&#8221; da_with_loader=&#8221;off&#8221; da_has_shadow=&#8221;on&#8221;][et_pb_row column_structure=&#8221;1_2,1_2&#8243; use_custom_gutter=&#8221;on&#8221; gutter_width=&#8221;1&#8243; admin_label=&#8221;Row&#8221; module_class=&#8221; et_pb_row_fullwidth&#8221; _builder_version=&#8221;3.25&#8243; width=&#8221;100%&#8221; width_tablet=&#8221;100%&#8221; width_phone=&#8221;&#8221; width_last_edited=&#8221;on|desktop&#8221; max_width=&#8221;100%&#8221; max_width_tablet=&#8221;100%&#8221; max_width_phone=&#8221;&#8221; max_width_last_edited=&#8221;on|desktop&#8221; custom_padding=&#8221;0px||0px|&#8221; make_fullwidth=&#8221;on&#8221;][et_pb_column type=&#8221;1_2&#8243; _builder_version=&#8221;3.25&#8243; custom_padding=&#8221;140px|10%|60px|10%&#8221; custom_padding__hover=&#8221;|||&#8221;][et_pb_text admin_label=&#8221;Title&#8221; _builder_version=&#8221;4.9.10&#8243; text_font=&#8221;Ubuntu||||||||&#8221; text_font_size=&#8221;34px&#8221; text_line_height=&#8221;1.8em&#8221; header_font=&#8221;||||||||&#8221; header_2_font=&#8221;Montserrat|700|||||||&#8221; header_2_text_align=&#8221;center&#8221; header_2_font_size=&#8221;61px&#8221; header_2_line_height=&#8221;1.4em&#8221; text_orientation=&#8221;center&#8221; max_width=&#8221;600px&#8221; module_alignment=&#8221;right&#8221; custom_margin=&#8221;|||&#8221; custom_padding=&#8221;|||&#8221; text_font_size_tablet=&#8221;&#8221; text_font_size_phone=&#8221;20px&#8221; text_font_size_last_edited=&#8221;on|tablet&#8221; header_2_font_size_tablet=&#8221;&#8221; header_2_font_size_phone=&#8221;33px&#8221; header_2_font_size_last_edited=&#8221;on|desktop&#8221; text_orientation_tablet=&#8221;&#8221; text_orientation_phone=&#8221;&#8221; text_orientation_last_edited=&#8221;on|desktop&#8221; locked=&#8221;off&#8221;]<\/p>\n<h2>Hormigonera S.A.<\/h2>\n<p>Una empresa l\u00edder en la regi\u00f3n.<\/p>\n<p>[\/et_pb_text][\/et_pb_column][et_pb_column type=&#8221;1_2&#8243; _builder_version=&#8221;3.25&#8243; custom_padding=&#8221;|||&#8221; custom_padding__hover=&#8221;|||&#8221;][et_pb_image src=&#8221;http:\/\/www.hormigonerasa.com.ar\/wp-content\/uploads\/2021\/07\/5.png&#8221; title_text=&#8221;planta central desde arriba&#8221; force_fullwidth=&#8221;on&#8221; _builder_version=&#8221;4.9.10&#8243; module_alignment=&#8221;center&#8221; min_height=&#8221;666px&#8221; min_height_tablet=&#8221;&#8221; min_height_phone=&#8221;&#8221; min_height_last_edited=&#8221;on|phone&#8221; height=&#8221;504px&#8221; height_tablet=&#8221;&#8221; height_phone=&#8221;&#8221; height_last_edited=&#8221;on|phone&#8221; max_height=&#8221;1000px&#8221; max_height_tablet=&#8221;&#8221; max_height_phone=&#8221;&#8221; max_height_last_edited=&#8221;on|phone&#8221; animation_style=&#8221;slide&#8221; animation_direction=&#8221;right&#8221; animation_intensity_slide=&#8221;10%&#8221; animation_starting_opacity=&#8221;100%&#8221; always_center_on_mobile=&#8221;off&#8221;][\/et_pb_image][\/et_pb_column][\/et_pb_row][\/et_pb_section]<\/p>\n","protected":false},"excerpt":{"rendered":"<p>Obras Realizadas &nbsp; Ruta 168 Circunvalaci\u00f3n\u00a0 Santa F\u00e9 Ruta 9 Hormigonera S.A. Una empresa l\u00edder en la regi\u00f3n.<\/p>\n","protected":false},"author":2,"featured_media":0,"parent":0,"menu_order":0,"comment_status":"closed","ping_status":"closed","template":"","meta":{"_et_pb_use_builder":"on","_et_pb_old_content":"","_et_gb_content_width":""},"yoast_head":"<!-- This site is optimized with the Yoast SEO plugin v16.8 - https:\/\/yoast.com\/wordpress\/plugins\/seo\/ -->\n<title>Obras - Hormigonera S.A. - Hormig\u00f3n Elaborado<\/title>\n<meta name=\"robots\" content=\"index, follow, max-snippet:-1, max-image-preview:large, max-video-preview:-1\" \/>\n<link rel=\"canonical\" href=\"https:\/\/www.hormigonerasa.com.ar\/?page_id=484\" \/>\n<meta property=\"og:locale\" content=\"es_ES\" \/>\n<meta property=\"og:type\" content=\"article\" \/>\n<meta property=\"og:title\" content=\"Obras - Hormigonera S.A. - Hormig\u00f3n Elaborado\" \/>\n<meta property=\"og:description\" content=\"Obras Realizadas &nbsp; Ruta 168 Circunvalaci\u00f3n\u00a0 Santa F\u00e9 Ruta 9 Hormigonera S.A. Una empresa l\u00edder en la regi\u00f3n.\" \/>\n<meta property=\"og:url\" content=\"https:\/\/www.hormigonerasa.com.ar\/?page_id=484\" \/>\n<meta property=\"og:site_name\" content=\"Hormigonera S.A. - Hormig\u00f3n Elaborado\" \/>\n<meta property=\"article:modified_time\" content=\"2021-08-05T01:30:28+00:00\" \/>\n<meta name=\"twitter:card\" content=\"summary_large_image\" \/>\n<meta name=\"twitter:label1\" content=\"Tiempo de lectura\" \/>\n\t<meta name=\"twitter:data1\" content=\"6 minutos\" \/>\n<script type=\"application\/ld+json\" class=\"yoast-schema-graph\">{\"@context\":\"https:\/\/schema.org\",\"@graph\":[{\"@type\":\"WebSite\",\"@id\":\"https:\/\/www.hormigonerasa.com.ar\/#website\",\"url\":\"https:\/\/www.hormigonerasa.com.ar\/\",\"name\":\"Hormigonera S.A. - Hormig\\u00f3n Elaborado\",\"description\":\"Hormigonera S.A. - Hormig\\u00f3n Elaborado\",\"potentialAction\":[{\"@type\":\"SearchAction\",\"target\":{\"@type\":\"EntryPoint\",\"urlTemplate\":\"https:\/\/www.hormigonerasa.com.ar\/?s={search_term_string}\"},\"query-input\":\"required name=search_term_string\"}],\"inLanguage\":\"es-AR\"},{\"@type\":\"WebPage\",\"@id\":\"https:\/\/www.hormigonerasa.com.ar\/?page_id=484#webpage\",\"url\":\"https:\/\/www.hormigonerasa.com.ar\/?page_id=484\",\"name\":\"Obras - Hormigonera S.A. - Hormig\\u00f3n Elaborado\",\"isPartOf\":{\"@id\":\"https:\/\/www.hormigonerasa.com.ar\/#website\"},\"datePublished\":\"2021-07-20T00:39:04+00:00\",\"dateModified\":\"2021-08-05T01:30:28+00:00\",\"breadcrumb\":{\"@id\":\"https:\/\/www.hormigonerasa.com.ar\/?page_id=484#breadcrumb\"},\"inLanguage\":\"es-AR\",\"potentialAction\":[{\"@type\":\"ReadAction\",\"target\":[\"https:\/\/www.hormigonerasa.com.ar\/?page_id=484\"]}]},{\"@type\":\"BreadcrumbList\",\"@id\":\"https:\/\/www.hormigonerasa.com.ar\/?page_id=484#breadcrumb\",\"itemListElement\":[{\"@type\":\"ListItem\",\"position\":1,\"name\":\"Inicio\",\"item\":\"https:\/\/www.hormigonerasa.com.ar\/\"},{\"@type\":\"ListItem\",\"position\":2,\"name\":\"Obras\"}]}]}<\/script>\n<!-- \/ Yoast SEO plugin. -->","yoast_head_json":{"title":"Obras - Hormigonera S.A. - Hormig\u00f3n Elaborado","robots":{"index":"index","follow":"follow","max-snippet":"max-snippet:-1","max-image-preview":"max-image-preview:large","max-video-preview":"max-video-preview:-1"},"canonical":"https:\/\/www.hormigonerasa.com.ar\/?page_id=484","og_locale":"es_ES","og_type":"article","og_title":"Obras - Hormigonera S.A. - Hormig\u00f3n Elaborado","og_description":"Obras Realizadas &nbsp; Ruta 168 Circunvalaci\u00f3n\u00a0 Santa F\u00e9 Ruta 9 Hormigonera S.A. Una empresa l\u00edder en la regi\u00f3n.","og_url":"https:\/\/www.hormigonerasa.com.ar\/?page_id=484","og_site_name":"Hormigonera S.A. - Hormig\u00f3n Elaborado","article_modified_time":"2021-08-05T01:30:28+00:00","twitter_card":"summary_large_image","twitter_misc":{"Tiempo de lectura":"6 minutos"},"schema":{"@context":"https:\/\/schema.org","@graph":[{"@type":"WebSite","@id":"https:\/\/www.hormigonerasa.com.ar\/#website","url":"https:\/\/www.hormigonerasa.com.ar\/","name":"Hormigonera S.A. - Hormig\u00f3n Elaborado","description":"Hormigonera S.A. - Hormig\u00f3n Elaborado","potentialAction":[{"@type":"SearchAction","target":{"@type":"EntryPoint","urlTemplate":"https:\/\/www.hormigonerasa.com.ar\/?s={search_term_string}"},"query-input":"required name=search_term_string"}],"inLanguage":"es-AR"},{"@type":"WebPage","@id":"https:\/\/www.hormigonerasa.com.ar\/?page_id=484#webpage","url":"https:\/\/www.hormigonerasa.com.ar\/?page_id=484","name":"Obras - Hormigonera S.A. - Hormig\u00f3n Elaborado","isPartOf":{"@id":"https:\/\/www.hormigonerasa.com.ar\/#website"},"datePublished":"2021-07-20T00:39:04+00:00","dateModified":"2021-08-05T01:30:28+00:00","breadcrumb":{"@id":"https:\/\/www.hormigonerasa.com.ar\/?page_id=484#breadcrumb"},"inLanguage":"es-AR","potentialAction":[{"@type":"ReadAction","target":["https:\/\/www.hormigonerasa.com.ar\/?page_id=484"]}]},{"@type":"BreadcrumbList","@id":"https:\/\/www.hormigonerasa.com.ar\/?page_id=484#breadcrumb","itemListElement":[{"@type":"ListItem","position":1,"name":"Inicio","item":"https:\/\/www.hormigonerasa.com.ar\/"},{"@type":"ListItem","position":2,"name":"Obras"}]}]}},"_links":{"self":[{"href":"https:\/\/www.hormigonerasa.com.ar\/index.php?rest_route=\/wp\/v2\/pages\/484"}],"collection":[{"href":"https:\/\/www.hormigonerasa.com.ar\/index.php?rest_route=\/wp\/v2\/pages"}],"about":[{"href":"https:\/\/www.hormigonerasa.com.ar\/index.php?rest_route=\/wp\/v2\/types\/page"}],"author":[{"embeddable":true,"href":"https:\/\/www.hormigonerasa.com.ar\/index.php?rest_route=\/wp\/v2\/users\/2"}],"replies":[{"embeddable":true,"href":"https:\/\/www.hormigonerasa.com.ar\/index.php?rest_route=%2Fwp%2Fv2%2Fcomments&post=484"}],"version-history":[{"count":19,"href":"https:\/\/www.hormigonerasa.com.ar\/index.php?rest_route=\/wp\/v2\/pages\/484\/revisions"}],"predecessor-version":[{"id":735,"href":"https:\/\/www.hormigonerasa.com.ar\/index.php?rest_route=\/wp\/v2\/pages\/484\/revisions\/735"}],"wp:attachment":[{"href":"https:\/\/www.hormigonerasa.com.ar\/index.php?rest_route=%2Fwp%2Fv2%2Fmedia&parent=484"}],"curies":[{"name":"wp","href":"https:\/\/api.w.org\/{rel}","templated":true}]}}