{"id":451,"date":"2021-07-09T03:36:36","date_gmt":"2021-07-09T06:36:36","guid":{"rendered":"https:\/\/www.hormigonerasa.com.ar\/?page_id=79"},"modified":"2021-08-04T18:38:09","modified_gmt":"2021-08-04T21:38:09","slug":"quienes-somos","status":"publish","type":"page","link":"https:\/\/www.hormigonerasa.com.ar\/?page_id=451","title":{"rendered":"Qui\u00e9nes somos"},"content":{"rendered":"\n[et_pb_section fb_built=&#8221;1&#8243; custom_padding_last_edited=&#8221;on|tablet&#8221; admin_label=&#8221;Hero Section&#8221; _builder_version=&#8221;4.9.10&#8243; background_color=&#8221;#3a66ce&#8221; use_background_color_gradient=&#8221;on&#8221; background_color_gradient_start=&#8221;rgba(255,255,255,0)&#8221; background_color_gradient_end=&#8221;#ffffff&#8221; background_color_gradient_overlays_image=&#8221;on&#8221; background_image=&#8221;https:\/\/www.hormigonerasa.com.ar\/wp-content\/uploads\/2021\/07\/DSC_1413-scaled.jpg&#8221; custom_padding=&#8221;150px|0px|150px|0px|false|false&#8221; custom_padding_tablet=&#8221;|||&#8221; custom_padding_phone=&#8221;|||&#8221; da_disable_devices=&#8221;off|off|off&#8221; da_is_popup=&#8221;off&#8221; da_exit_intent=&#8221;off&#8221; da_has_close=&#8221;on&#8221; da_alt_close=&#8221;off&#8221; da_dark_close=&#8221;off&#8221; da_not_modal=&#8221;on&#8221; da_is_singular=&#8221;off&#8221; da_with_loader=&#8221;off&#8221; da_has_shadow=&#8221;on&#8221;][et_pb_row _builder_version=&#8221;3.25&#8243; custom_padding=&#8221;|||&#8221; animation_style=&#8221;slide&#8221; animation_direction=&#8221;bottom&#8221; animation_intensity_slide=&#8221;10%&#8221;][et_pb_column type=&#8221;4_4&#8243; _builder_version=&#8221;3.25&#8243; custom_padding=&#8221;|||&#8221; custom_padding__hover=&#8221;|||&#8221;][et_pb_text admin_label=&#8221;Title and subhead&#8221; _builder_version=&#8221;3.27.4&#8243; text_font=&#8221;Ubuntu||||||||&#8221; text_font_size=&#8221;16px&#8221; text_line_height=&#8221;1.8em&#8221; header_font=&#8221;Montserrat|700|||||||&#8221; header_font_size=&#8221;50px&#8221; header_line_height=&#8221;1.4em&#8221; header_2_font=&#8221;||||||||&#8221; text_orientation=&#8221;center&#8221; max_width=&#8221;600px&#8221; module_alignment=&#8221;center&#8221; header_font_size_tablet=&#8221;&#8221; header_font_size_phone=&#8221;40px&#8221; header_font_size_last_edited=&#8221;on|desktop&#8221; locked=&#8221;off&#8221;]<h1>Qui\u00e9nes Somos<\/h1>\n<p>Una empresa l\u00edder en la regi\u00f3n<\/p>[\/et_pb_text][\/et_pb_column][\/et_pb_row][\/et_pb_section][et_pb_section fb_built=&#8221;1&#8243; admin_label=&#8221;CTA with Image&#8221; _builder_version=&#8221;3.22&#8243; min_height=&#8221;1984.6px&#8221; custom_margin=&#8221;||23px|||&#8221; custom_padding=&#8221;100px|0px|0px|0px&#8221; da_disable_devices=&#8221;off|off|off&#8221; box_shadow_style=&#8221;preset7&#8243; box_shadow_horizontal=&#8221;0px&#8221; box_shadow_vertical=&#8221;-269px&#8221; box_shadow_color=&#8221;#f3f5fa&#8221; da_is_popup=&#8221;off&#8221; da_exit_intent=&#8221;off&#8221; da_has_close=&#8221;on&#8221; da_alt_close=&#8221;off&#8221; da_dark_close=&#8221;off&#8221; da_not_modal=&#8221;on&#8221; da_is_singular=&#8221;off&#8221; da_with_loader=&#8221;off&#8221; da_has_shadow=&#8221;on&#8221;][et_pb_row column_structure=&#8221;1_2,1_2&#8243; use_custom_gutter=&#8221;on&#8221; gutter_width=&#8221;1&#8243; admin_label=&#8221;Tittle Row&#8221; _builder_version=&#8221;4.9.10&#8243; custom_padding=&#8221;27px|0px|0px|0px&#8221;][et_pb_column type=&#8221;1_2&#8243; _builder_version=&#8221;4.9.7&#8243; custom_padding=&#8221;|||&#8221; custom_padding__hover=&#8221;|||&#8221;][et_pb_cta title=&#8221;Somos una Empresa l\u00edder en la elaboraci\u00f3n de Hormigones y Morteros,&#8221; button_url=&#8221;https:\/\/www.hormigonerasa.com.ar\/?page_id=484&#8243; button_text=&#8221;NUESTROS TRABAJOS&#8221; _builder_version=&#8221;4.9.10&#8243; header_font=&#8221;Montserrat|700|||||||&#8221; header_font_size=&#8221;40px&#8221; header_line_height=&#8221;1.4em&#8221; body_font=&#8221;Ubuntu|500|||||||&#8221; body_text_color=&#8221;rgba(255,255,255,0.7)&#8221; body_font_size=&#8221;16px&#8221; body_line_height=&#8221;1.8em&#8221; background_color=&#8221;#3a66ce&#8221; custom_button=&#8221;on&#8221; button_text_size=&#8221;16px&#8221; button_text_color=&#8221;#ffffff&#8221; button_bg_color=&#8221;#1FB6E9&#8243; button_border_width=&#8221;10px&#8221; button_border_color=&#8221;#1fb6e9&#8243; button_border_radius=&#8221;5px&#8221; button_letter_spacing=&#8221;2px&#8221; button_font=&#8221;Ubuntu|||on|||||&#8221; button_use_icon=&#8221;off&#8221; text_orientation=&#8221;left&#8221; max_width_last_edited=&#8221;off|desktop&#8221; module_alignment=&#8221;right&#8221; custom_padding=&#8221;100px|70px|100px|70px&#8221; animation_style=&#8221;slide&#8221; animation_direction=&#8221;bottom&#8221; animation_intensity_slide=&#8221;10%&#8221; animation_starting_opacity=&#8221;100%&#8221; button_text_color_hover=&#8221;#ffffff&#8221; button_border_color_hover=&#8221;#2a3443&#8243; button_border_radius_hover=&#8221;5px&#8221; button_letter_spacing_hover=&#8221;2px&#8221; button_bg_color_hover=&#8221;#2a3443&#8243; button_text_size__hover_enabled=&#8221;off&#8221; button_one_text_size__hover_enabled=&#8221;off&#8221; button_two_text_size__hover_enabled=&#8221;off&#8221; button_text_color__hover_enabled=&#8221;on&#8221; button_text_color__hover=&#8221;#ffffff&#8221; button_one_text_color__hover_enabled=&#8221;off&#8221; button_two_text_color__hover_enabled=&#8221;off&#8221; button_border_width__hover_enabled=&#8221;off&#8221; button_one_border_width__hover_enabled=&#8221;off&#8221; button_two_border_width__hover_enabled=&#8221;off&#8221; button_border_color__hover_enabled=&#8221;on&#8221; button_border_color__hover=&#8221;#2a3443&#8243; button_one_border_color__hover_enabled=&#8221;off&#8221; button_two_border_color__hover_enabled=&#8221;off&#8221; button_border_radius__hover_enabled=&#8221;on&#8221; button_border_radius__hover=&#8221;5px&#8221; button_one_border_radius__hover_enabled=&#8221;off&#8221; button_two_border_radius__hover_enabled=&#8221;off&#8221; button_letter_spacing__hover_enabled=&#8221;on&#8221; button_letter_spacing__hover=&#8221;2px&#8221; button_one_letter_spacing__hover_enabled=&#8221;off&#8221; button_two_letter_spacing__hover_enabled=&#8221;off&#8221; button_bg_color__hover_enabled=&#8221;on&#8221; button_bg_color__hover=&#8221;#2a3443&#8243; button_one_bg_color__hover_enabled=&#8221;off&#8221; button_two_bg_color__hover_enabled=&#8221;off&#8221;]<p>tanto convencionales como especiales.<br \/>Creada hace m\u00e1s de 30 a\u00f1os con el objetivo de ofrecer a las Empresas Constructoras y clientes en general , un producto de m\u00e1xima calidad. Bien podr\u00eda decirse que en Santa Fe, Paran\u00e1 y alrededores, la mayor parte de las construcciones tienen en su estructura nuestro Hormig\u00f3n.<br \/>Podemos asegurar que estuvimos y estamos presente en cuanta obra de importancia y relevancia se ha realizado en la regi\u00f3n.<br \/>Hemos elaborado m\u00e1s de 400.000 m3 de hormig\u00f3n en los \u00faltimos 5 a\u00f1os , siendo utilizados los mismos en la construcci\u00f3n de caminos , puentes , edificios , fundaciones, etc;, de las Provincias de Santa Fe y Entre R\u00edos. Esto nos ha transformado en la Empresa con mayor experiencia en la producci\u00f3n de Hormigones en nuestra zona de influencia.<br \/>El equipamiento con el cual abastecemos las obras de nuestros clientes, es propio; esto nos permite trabajar con tiempos de ejecuci\u00f3n adaptados a las necesidades de ellos. Por ello, ejercemos un estricto control sobre el estado de los mismos y su correcto mantenimiento y funcionamiento, a trav\u00e9s de talleres propios montados en ambas cabeceras. De esta manera tenemos un manejo independiente de la log\u00edstica de provisi\u00f3n de los materiales necesarios, tanto en cantidad como en calidad; para garantizar y cumplimentar nuestros compromisos de provisi\u00f3n de Hormig\u00f3n.<br \/>Caracteriza a nuestra Empresa el exhaustivo control de calidad que ejercemos sobre nuestra producci\u00f3n, contando con Profesionales altamente calificados y el asesoramiento externo de Loma Negra C.I.A.S.A. y Grace Argentina S.A., quienes nos ayudaron a lograr y mantener la satisfacci\u00f3n de nuestros clientes.<\/p>[\/et_pb_cta][\/et_pb_column][et_pb_column type=&#8221;1_2&#8243; _builder_version=&#8221;4.9.7&#8243; custom_padding=&#8221;|||&#8221; custom_padding__hover=&#8221;|||&#8221;][et_pb_image src=&#8221;https:\/\/www.hormigonerasa.com.ar\/wp-content\/uploads\/2021\/07\/DSC_1548-scaled.jpg&#8221; title_text=&#8221;hormigonera&#8221; align_tablet=&#8221;center&#8221; align_phone=&#8221;&#8221; align_last_edited=&#8221;on|desktop&#8221; _builder_version=&#8221;4.9.7&#8243; custom_margin=&#8221;150px|||&#8221; animation_style=&#8221;slide&#8221; animation_direction=&#8221;top&#8221; animation_intensity_slide=&#8221;10%&#8221; animation_starting_opacity=&#8221;100%&#8221;][\/et_pb_image][et_pb_image src=&#8221;http:\/\/www.hormigonerasa.com.ar\/wp-content\/uploads\/2021\/08\/DJI_0843-scaled.jpg&#8221; title_text=&#8221;DCIM100MEDIADJI_0843.JPG&#8221; align_tablet=&#8221;center&#8221; align_phone=&#8221;&#8221; align_last_edited=&#8221;on|desktop&#8221; _builder_version=&#8221;4.9.10&#8243; custom_margin=&#8221;150px|||&#8221; animation_style=&#8221;slide&#8221; animation_direction=&#8221;right&#8221; animation_duration=&#8221;1250ms&#8221; animation_delay=&#8221;150ms&#8221; animation_intensity_slide=&#8221;16%&#8221; animation_starting_opacity=&#8221;100%&#8221;][\/et_pb_image][et_pb_image src=&#8221;http:\/\/www.hormigonerasa.com.ar\/wp-content\/uploads\/2021\/08\/DSC00402-CHICA-scaled.jpg&#8221; title_text=&#8221;DSC00402-CHICA&#8221; align_tablet=&#8221;center&#8221; align_phone=&#8221;&#8221; align_last_edited=&#8221;on|desktop&#8221; _builder_version=&#8221;4.9.10&#8243; custom_margin=&#8221;150px||-57px|||&#8221; animation_style=&#8221;slide&#8221; animation_direction=&#8221;right&#8221; animation_duration=&#8221;1250ms&#8221; animation_delay=&#8221;150ms&#8221; animation_intensity_slide=&#8221;16%&#8221; animation_starting_opacity=&#8221;100%&#8221; hover_enabled=&#8221;0&#8243; sticky_enabled=&#8221;0&#8243; custom_padding=&#8221;||0px|||&#8221;][\/et_pb_image][\/et_pb_column][\/et_pb_row][\/et_pb_section][et_pb_section fb_built=&#8221;1&#8243; fullwidth=&#8221;on&#8221; _builder_version=&#8221;4.9.7&#8243; _module_preset=&#8221;default&#8221; background_color=&#8221;#f3f5fa&#8221; custom_margin=&#8221;-130px|||||&#8221; da_disable_devices=&#8221;off|off|off&#8221; da_is_popup=&#8221;off&#8221; da_exit_intent=&#8221;off&#8221; da_has_close=&#8221;on&#8221; da_alt_close=&#8221;off&#8221; da_dark_close=&#8221;off&#8221; da_not_modal=&#8221;on&#8221; da_is_singular=&#8221;off&#8221; da_with_loader=&#8221;off&#8221; da_has_shadow=&#8221;on&#8221;][\/et_pb_section]\n","protected":false},"excerpt":{"rendered":"<p>Qui\u00e9nes Somos Una empresa l\u00edder en la regi\u00f3n Somos una Empresa l\u00edder en la elaboraci\u00f3n de Hormigones y Morteros,tanto convencionales como especiales.Creada hace m\u00e1s de 30 a\u00f1os con el objetivo de ofrecer a las Empresas Constructoras y clientes en general , un producto de m\u00e1xima calidad. Bien podr\u00eda decirse que en Santa Fe, Paran\u00e1 y [&hellip;]<\/p>\n","protected":false},"author":3,"featured_media":0,"parent":0,"menu_order":0,"comment_status":"closed","ping_status":"closed","template":"","meta":{"_et_pb_use_builder":"on","_et_pb_old_content":"","_et_gb_content_width":""},"yoast_head":"<!-- This site is optimized with the Yoast SEO plugin v16.8 - https:\/\/yoast.com\/wordpress\/plugins\/seo\/ -->\n<title>Qui\u00e9nes somos - Hormigonera S.A. - Hormig\u00f3n Elaborado<\/title>\n<meta name=\"description\" content=\"Empresa l\u00edder en la elaboraci\u00f3n de Hormigones y Morteros, tanto convencionales como especiales. Lideres en Santa Fe, Paran\u00e1 y alrededores.\" \/>\n<meta name=\"robots\" content=\"index, follow, max-snippet:-1, max-image-preview:large, max-video-preview:-1\" \/>\n<link rel=\"canonical\" href=\"https:\/\/www.hormigonerasa.com.ar\/?page_id=451\" \/>\n<meta property=\"og:locale\" content=\"es_ES\" \/>\n<meta property=\"og:type\" content=\"article\" \/>\n<meta property=\"og:title\" content=\"Qui\u00e9nes somos - Hormigonera S.A. - Hormig\u00f3n Elaborado\" \/>\n<meta property=\"og:description\" content=\"Empresa l\u00edder en la elaboraci\u00f3n de Hormigones y Morteros, tanto convencionales como especiales. Lideres en Santa Fe, Paran\u00e1 y alrededores.\" \/>\n<meta property=\"og:url\" content=\"https:\/\/www.hormigonerasa.com.ar\/?page_id=451\" \/>\n<meta property=\"og:site_name\" content=\"Hormigonera S.A. - Hormig\u00f3n Elaborado\" \/>\n<meta property=\"article:modified_time\" content=\"2021-08-04T21:38:09+00:00\" \/>\n<meta name=\"twitter:card\" content=\"summary_large_image\" \/>\n<meta name=\"twitter:label1\" content=\"Tiempo de lectura\" \/>\n\t<meta name=\"twitter:data1\" content=\"3 minutos\" \/>\n<script type=\"application\/ld+json\" class=\"yoast-schema-graph\">{\"@context\":\"https:\/\/schema.org\",\"@graph\":[{\"@type\":\"WebSite\",\"@id\":\"https:\/\/www.hormigonerasa.com.ar\/#website\",\"url\":\"https:\/\/www.hormigonerasa.com.ar\/\",\"name\":\"Hormigonera S.A. - Hormig\\u00f3n Elaborado\",\"description\":\"Hormigonera S.A. - Hormig\\u00f3n Elaborado\",\"potentialAction\":[{\"@type\":\"SearchAction\",\"target\":{\"@type\":\"EntryPoint\",\"urlTemplate\":\"https:\/\/www.hormigonerasa.com.ar\/?s={search_term_string}\"},\"query-input\":\"required name=search_term_string\"}],\"inLanguage\":\"es-AR\"},{\"@type\":\"WebPage\",\"@id\":\"https:\/\/www.hormigonerasa.com.ar\/?page_id=451#webpage\",\"url\":\"https:\/\/www.hormigonerasa.com.ar\/?page_id=451\",\"name\":\"Qui\\u00e9nes somos - Hormigonera S.A. - Hormig\\u00f3n Elaborado\",\"isPartOf\":{\"@id\":\"https:\/\/www.hormigonerasa.com.ar\/#website\"},\"datePublished\":\"2021-07-09T06:36:36+00:00\",\"dateModified\":\"2021-08-04T21:38:09+00:00\",\"description\":\"Empresa l\\u00edder en la elaboraci\\u00f3n de Hormigones y Morteros, tanto convencionales como especiales. Lideres en Santa Fe, Paran\\u00e1 y alrededores.\",\"breadcrumb\":{\"@id\":\"https:\/\/www.hormigonerasa.com.ar\/?page_id=451#breadcrumb\"},\"inLanguage\":\"es-AR\",\"potentialAction\":[{\"@type\":\"ReadAction\",\"target\":[\"https:\/\/www.hormigonerasa.com.ar\/?page_id=451\"]}]},{\"@type\":\"BreadcrumbList\",\"@id\":\"https:\/\/www.hormigonerasa.com.ar\/?page_id=451#breadcrumb\",\"itemListElement\":[{\"@type\":\"ListItem\",\"position\":1,\"name\":\"Inicio\",\"item\":\"https:\/\/www.hormigonerasa.com.ar\/\"},{\"@type\":\"ListItem\",\"position\":2,\"name\":\"Qui\\u00e9nes somos\"}]}]}<\/script>\n<!-- \/ Yoast SEO plugin. -->","yoast_head_json":{"title":"Qui\u00e9nes somos - Hormigonera S.A. - Hormig\u00f3n Elaborado","description":"Empresa l\u00edder en la elaboraci\u00f3n de Hormigones y Morteros, tanto convencionales como especiales. Lideres en Santa Fe, Paran\u00e1 y alrededores.","robots":{"index":"index","follow":"follow","max-snippet":"max-snippet:-1","max-image-preview":"max-image-preview:large","max-video-preview":"max-video-preview:-1"},"canonical":"https:\/\/www.hormigonerasa.com.ar\/?page_id=451","og_locale":"es_ES","og_type":"article","og_title":"Qui\u00e9nes somos - Hormigonera S.A. - Hormig\u00f3n Elaborado","og_description":"Empresa l\u00edder en la elaboraci\u00f3n de Hormigones y Morteros, tanto convencionales como especiales. Lideres en Santa Fe, Paran\u00e1 y alrededores.","og_url":"https:\/\/www.hormigonerasa.com.ar\/?page_id=451","og_site_name":"Hormigonera S.A. - Hormig\u00f3n Elaborado","article_modified_time":"2021-08-04T21:38:09+00:00","twitter_card":"summary_large_image","twitter_misc":{"Tiempo de lectura":"3 minutos"},"schema":{"@context":"https:\/\/schema.org","@graph":[{"@type":"WebSite","@id":"https:\/\/www.hormigonerasa.com.ar\/#website","url":"https:\/\/www.hormigonerasa.com.ar\/","name":"Hormigonera S.A. - Hormig\u00f3n Elaborado","description":"Hormigonera S.A. - Hormig\u00f3n Elaborado","potentialAction":[{"@type":"SearchAction","target":{"@type":"EntryPoint","urlTemplate":"https:\/\/www.hormigonerasa.com.ar\/?s={search_term_string}"},"query-input":"required name=search_term_string"}],"inLanguage":"es-AR"},{"@type":"WebPage","@id":"https:\/\/www.hormigonerasa.com.ar\/?page_id=451#webpage","url":"https:\/\/www.hormigonerasa.com.ar\/?page_id=451","name":"Qui\u00e9nes somos - Hormigonera S.A. - Hormig\u00f3n Elaborado","isPartOf":{"@id":"https:\/\/www.hormigonerasa.com.ar\/#website"},"datePublished":"2021-07-09T06:36:36+00:00","dateModified":"2021-08-04T21:38:09+00:00","description":"Empresa l\u00edder en la elaboraci\u00f3n de Hormigones y Morteros, tanto convencionales como especiales. Lideres en Santa Fe, Paran\u00e1 y alrededores.","breadcrumb":{"@id":"https:\/\/www.hormigonerasa.com.ar\/?page_id=451#breadcrumb"},"inLanguage":"es-AR","potentialAction":[{"@type":"ReadAction","target":["https:\/\/www.hormigonerasa.com.ar\/?page_id=451"]}]},{"@type":"BreadcrumbList","@id":"https:\/\/www.hormigonerasa.com.ar\/?page_id=451#breadcrumb","itemListElement":[{"@type":"ListItem","position":1,"name":"Inicio","item":"https:\/\/www.hormigonerasa.com.ar\/"},{"@type":"ListItem","position":2,"name":"Qui\u00e9nes somos"}]}]}},"_links":{"self":[{"href":"https:\/\/www.hormigonerasa.com.ar\/index.php?rest_route=\/wp\/v2\/pages\/451"}],"collection":[{"href":"https:\/\/www.hormigonerasa.com.ar\/index.php?rest_route=\/wp\/v2\/pages"}],"about":[{"href":"https:\/\/www.hormigonerasa.com.ar\/index.php?rest_route=\/wp\/v2\/types\/page"}],"author":[{"embeddable":true,"href":"https:\/\/www.hormigonerasa.com.ar\/index.php?rest_route=\/wp\/v2\/users\/3"}],"replies":[{"embeddable":true,"href":"https:\/\/www.hormigonerasa.com.ar\/index.php?rest_route=%2Fwp%2Fv2%2Fcomments&post=451"}],"version-history":[{"count":11,"href":"https:\/\/www.hormigonerasa.com.ar\/index.php?rest_route=\/wp\/v2\/pages\/451\/revisions"}],"predecessor-version":[{"id":715,"href":"https:\/\/www.hormigonerasa.com.ar\/index.php?rest_route=\/wp\/v2\/pages\/451\/revisions\/715"}],"wp:attachment":[{"href":"https:\/\/www.hormigonerasa.com.ar\/index.php?rest_route=%2Fwp%2Fv2%2Fmedia&parent=451"}],"curies":[{"name":"wp","href":"https:\/\/api.w.org\/{rel}","templated":true}]}}