{"id":37,"date":"2021-07-09T04:10:41","date_gmt":"2017-07-24T12:34:14","guid":{"rendered":"http:\/\/www.hormigonerasa.com.ar\/?page_id=37"},"modified":"2021-08-04T18:47:29","modified_gmt":"2021-08-04T21:47:29","slug":"contacto","status":"publish","type":"page","link":"https:\/\/www.hormigonerasa.com.ar\/?page_id=37","title":{"rendered":"Contacto"},"content":{"rendered":"<p>[et_pb_section fb_built=&#8221;1&#8243; custom_padding_last_edited=&#8221;on|tablet&#8221; admin_label=&#8221;Hero Section&#8221; _builder_version=&#8221;4.9.10&#8243; background_color=&#8221;#3644af&#8221; use_background_color_gradient=&#8221;on&#8221; background_color_gradient_start=&#8221;rgba(255,255,255,0)&#8221; background_color_gradient_end=&#8221;#ffffff&#8221; background_color_gradient_overlays_image=&#8221;on&#8221; background_image=&#8221;http:\/\/www.hormigonerasa.com.ar\/wp-content\/uploads\/2021\/08\/Sin-titulo-2.png&#8221; custom_padding=&#8221;150px|0px|231px|0px|false|false&#8221; custom_padding_tablet=&#8221;|||&#8221; custom_padding_phone=&#8221;|||&#8221; da_disable_devices=&#8221;off|off|off&#8221; da_is_popup=&#8221;off&#8221; da_exit_intent=&#8221;off&#8221; da_has_close=&#8221;on&#8221; da_alt_close=&#8221;off&#8221; da_dark_close=&#8221;off&#8221; da_not_modal=&#8221;on&#8221; da_is_singular=&#8221;off&#8221; da_with_loader=&#8221;off&#8221; da_has_shadow=&#8221;on&#8221;][et_pb_row _builder_version=&#8221;3.25&#8243; custom_padding=&#8221;|||&#8221; animation_style=&#8221;slide&#8221; animation_direction=&#8221;bottom&#8221; animation_intensity_slide=&#8221;10%&#8221;][et_pb_column type=&#8221;4_4&#8243; _builder_version=&#8221;3.25&#8243; custom_padding=&#8221;|||&#8221; custom_padding__hover=&#8221;|||&#8221;][et_pb_text admin_label=&#8221;Title and subhead&#8221; _builder_version=&#8221;3.27.4&#8243; text_font=&#8221;Ubuntu||||||||&#8221; text_font_size=&#8221;16px&#8221; text_line_height=&#8221;1.8em&#8221; header_font=&#8221;Montserrat|700|||||||&#8221; header_font_size=&#8221;50px&#8221; header_line_height=&#8221;1.4em&#8221; header_2_font=&#8221;||||||||&#8221; text_orientation=&#8221;center&#8221; max_width=&#8221;600px&#8221; module_alignment=&#8221;center&#8221; header_font_size_tablet=&#8221;&#8221; header_font_size_phone=&#8221;40px&#8221; header_font_size_last_edited=&#8221;on|desktop&#8221; locked=&#8221;off&#8221;]<\/p>\n<h1>Cont\u00e1ctanos<\/h1>\n<p>Con el objetivo de brindarle un mejor asesoramiento y atender las necesidades de su inter\u00e9s, puede comunicarse con nosotros en nuestras dependencias.<\/p>\n<p>[\/et_pb_text][\/et_pb_column][\/et_pb_row][\/et_pb_section][et_pb_section fb_built=&#8221;1&#8243; admin_label=&#8221;Contact Section&#8221; _builder_version=&#8221;4.9.7&#8243; background_color=&#8221;#3a66ce&#8221; min_height=&#8221;1166.4px&#8221; custom_padding=&#8221;100px|0px|0px|0px&#8221; da_disable_devices=&#8221;off|off|off&#8221; da_is_popup=&#8221;off&#8221; da_exit_intent=&#8221;off&#8221; da_has_close=&#8221;on&#8221; da_alt_close=&#8221;off&#8221; da_dark_close=&#8221;off&#8221; da_not_modal=&#8221;on&#8221; da_is_singular=&#8221;off&#8221; da_with_loader=&#8221;off&#8221; da_has_shadow=&#8221;on&#8221;][et_pb_row column_structure=&#8221;1_2,1_2&#8243; use_custom_gutter=&#8221;on&#8221; admin_label=&#8221;Contact Row&#8221; _builder_version=&#8221;3.25&#8243; custom_padding=&#8221;|||&#8221;][et_pb_column type=&#8221;1_2&#8243; _builder_version=&#8221;3.25&#8243; custom_padding=&#8221;|||&#8221; custom_padding__hover=&#8221;|||&#8221;][et_pb_text admin_label=&#8221;Tittle&#8221; _builder_version=&#8221;4.9.7&#8243; text_font=&#8221;Ubuntu||||||||&#8221; text_text_color=&#8221;rgba(255,255,255,0.5)&#8221; text_font_size=&#8221;16px&#8221; header_font=&#8221;||||||||&#8221; header_text_color=&#8221;#2a3443&#8243; header_2_font=&#8221;||||||||&#8221; header_2_text_color=&#8221;#ffffff&#8221; header_4_font=&#8221;Montserrat|700|||||||&#8221; header_4_text_color=&#8221;#ffffff&#8221; header_4_font_size=&#8221;22px&#8221; header_4_line_height=&#8221;1.4em&#8221; max_width=&#8221;640px&#8221; module_alignment=&#8221;right&#8221; custom_margin=&#8221;|||&#8221; custom_padding=&#8221;|||&#8221;]<\/p>\n<h4>Envianos un email<\/h4>\n<p>[\/et_pb_text][et_pb_contact_form email=&#8221;administracion@hormigonerasa.com.ar&#8221; submit_button_text=&#8221;Enviar&#8221; module_id=&#8221;et_pb_contact_form_0&#8243; _builder_version=&#8221;4.9.10&#8243; form_field_background_color=&#8221;rgba(255,255,255,0.27)&#8221; form_field_text_color=&#8221;#ffffff&#8221; form_field_font=&#8221;Ubuntu|500|||||||&#8221; form_field_font_size=&#8221;14px&#8221; custom_button=&#8221;on&#8221; button_text_size=&#8221;16px&#8221; button_text_color=&#8221;#ffffff&#8221; button_bg_color=&#8221;#94d5ff&#8221; button_border_width=&#8221;10px&#8221; button_border_color=&#8221;#94d5ff&#8221; button_border_radius=&#8221;5px&#8221; button_letter_spacing=&#8221;2px&#8221; button_font=&#8221;Ubuntu|||on|||||&#8221; button_use_icon=&#8221;off&#8221; text_orientation=&#8221;left&#8221; module_alignment=&#8221;center&#8221; custom_margin=&#8221;|||&#8221; animation_style=&#8221;flip&#8221; animation_duration=&#8221;1200ms&#8221; animation_delay=&#8221;400ms&#8221; hover_enabled=&#8221;0&#8243; border_radii=&#8221;on|5px|5px|5px|5px&#8221; form_background_color=&#8221;rgba(255,255,255,0.02)&#8221; button_border_radius_hover=&#8221;5px&#8221; button_letter_spacing_hover=&#8221;2px&#8221; use_spam_service=&#8221;on&#8221; recaptcha_list=&#8221;Default|Default-0&#8243; sticky_enabled=&#8221;0&#8243;][et_pb_contact_field field_id=&#8221;Nombre&#8221; field_title=&#8221;Nombre&#8221; _builder_version=&#8221;4.9.7&#8243; button_text_size__hover_enabled=&#8221;off&#8221; button_one_text_size__hover_enabled=&#8221;off&#8221; button_two_text_size__hover_enabled=&#8221;off&#8221; button_text_color__hover_enabled=&#8221;off&#8221; button_one_text_color__hover_enabled=&#8221;off&#8221; button_two_text_color__hover_enabled=&#8221;off&#8221; button_border_width__hover_enabled=&#8221;off&#8221; button_one_border_width__hover_enabled=&#8221;off&#8221; button_two_border_width__hover_enabled=&#8221;off&#8221; button_border_color__hover_enabled=&#8221;off&#8221; button_one_border_color__hover_enabled=&#8221;off&#8221; button_two_border_color__hover_enabled=&#8221;off&#8221; button_border_radius__hover_enabled=&#8221;off&#8221; button_one_border_radius__hover_enabled=&#8221;off&#8221; button_two_border_radius__hover_enabled=&#8221;off&#8221; button_letter_spacing__hover_enabled=&#8221;off&#8221; button_one_letter_spacing__hover_enabled=&#8221;off&#8221; button_two_letter_spacing__hover_enabled=&#8221;off&#8221; button_bg_color__hover_enabled=&#8221;off&#8221; button_one_bg_color__hover_enabled=&#8221;off&#8221; button_two_bg_color__hover_enabled=&#8221;off&#8221;][\/et_pb_contact_field][et_pb_contact_field field_id=&#8221;Email&#8221; field_title=&#8221;Correo Electr\u00f3nico&#8221; field_type=&#8221;email&#8221; _builder_version=&#8221;4.9.7&#8243; button_text_size__hover_enabled=&#8221;off&#8221; button_one_text_size__hover_enabled=&#8221;off&#8221; button_two_text_size__hover_enabled=&#8221;off&#8221; button_text_color__hover_enabled=&#8221;off&#8221; button_one_text_color__hover_enabled=&#8221;off&#8221; button_two_text_color__hover_enabled=&#8221;off&#8221; button_border_width__hover_enabled=&#8221;off&#8221; button_one_border_width__hover_enabled=&#8221;off&#8221; button_two_border_width__hover_enabled=&#8221;off&#8221; button_border_color__hover_enabled=&#8221;off&#8221; button_one_border_color__hover_enabled=&#8221;off&#8221; button_two_border_color__hover_enabled=&#8221;off&#8221; button_border_radius__hover_enabled=&#8221;off&#8221; button_one_border_radius__hover_enabled=&#8221;off&#8221; button_two_border_radius__hover_enabled=&#8221;off&#8221; button_letter_spacing__hover_enabled=&#8221;off&#8221; button_one_letter_spacing__hover_enabled=&#8221;off&#8221; button_two_letter_spacing__hover_enabled=&#8221;off&#8221; button_bg_color__hover_enabled=&#8221;off&#8221; button_one_bg_color__hover_enabled=&#8221;off&#8221; button_two_bg_color__hover_enabled=&#8221;off&#8221;][\/et_pb_contact_field][et_pb_contact_field field_id=&#8221;Empresa&#8221; field_title=&#8221;Empresa&#8221; field_type=&#8221;email&#8221; fullwidth_field=&#8221;on&#8221; _builder_version=&#8221;4.9.7&#8243; button_text_size__hover_enabled=&#8221;off&#8221; button_one_text_size__hover_enabled=&#8221;off&#8221; button_two_text_size__hover_enabled=&#8221;off&#8221; button_text_color__hover_enabled=&#8221;off&#8221; button_one_text_color__hover_enabled=&#8221;off&#8221; button_two_text_color__hover_enabled=&#8221;off&#8221; button_border_width__hover_enabled=&#8221;off&#8221; button_one_border_width__hover_enabled=&#8221;off&#8221; button_two_border_width__hover_enabled=&#8221;off&#8221; button_border_color__hover_enabled=&#8221;off&#8221; button_one_border_color__hover_enabled=&#8221;off&#8221; button_two_border_color__hover_enabled=&#8221;off&#8221; button_border_radius__hover_enabled=&#8221;off&#8221; button_one_border_radius__hover_enabled=&#8221;off&#8221; button_two_border_radius__hover_enabled=&#8221;off&#8221; button_letter_spacing__hover_enabled=&#8221;off&#8221; button_one_letter_spacing__hover_enabled=&#8221;off&#8221; button_two_letter_spacing__hover_enabled=&#8221;off&#8221; button_bg_color__hover_enabled=&#8221;off&#8221; button_one_bg_color__hover_enabled=&#8221;off&#8221; button_two_bg_color__hover_enabled=&#8221;off&#8221;][\/et_pb_contact_field][et_pb_contact_field field_id=&#8221;Localidad&#8221; field_title=&#8221;Localidad&#8221; fullwidth_field=&#8221;on&#8221; _builder_version=&#8221;4.9.7&#8243; button_text_size__hover_enabled=&#8221;off&#8221; button_one_text_size__hover_enabled=&#8221;off&#8221; button_two_text_size__hover_enabled=&#8221;off&#8221; button_text_color__hover_enabled=&#8221;off&#8221; button_one_text_color__hover_enabled=&#8221;off&#8221; button_two_text_color__hover_enabled=&#8221;off&#8221; button_border_width__hover_enabled=&#8221;off&#8221; button_one_border_width__hover_enabled=&#8221;off&#8221; button_two_border_width__hover_enabled=&#8221;off&#8221; button_border_color__hover_enabled=&#8221;off&#8221; button_one_border_color__hover_enabled=&#8221;off&#8221; button_two_border_color__hover_enabled=&#8221;off&#8221; button_border_radius__hover_enabled=&#8221;off&#8221; button_one_border_radius__hover_enabled=&#8221;off&#8221; button_two_border_radius__hover_enabled=&#8221;off&#8221; button_letter_spacing__hover_enabled=&#8221;off&#8221; button_one_letter_spacing__hover_enabled=&#8221;off&#8221; button_two_letter_spacing__hover_enabled=&#8221;off&#8221; button_bg_color__hover_enabled=&#8221;off&#8221; button_one_bg_color__hover_enabled=&#8221;off&#8221; button_two_bg_color__hover_enabled=&#8221;off&#8221;][\/et_pb_contact_field][et_pb_contact_field field_id=&#8221;Detalles&#8221; field_title=&#8221;Detalles&#8221; field_type=&#8221;text&#8221; fullwidth_field=&#8221;on&#8221; _builder_version=&#8221;4.9.7&#8243; button_text_size__hover_enabled=&#8221;off&#8221; button_one_text_size__hover_enabled=&#8221;off&#8221; button_two_text_size__hover_enabled=&#8221;off&#8221; button_text_color__hover_enabled=&#8221;off&#8221; button_one_text_color__hover_enabled=&#8221;off&#8221; button_two_text_color__hover_enabled=&#8221;off&#8221; button_border_width__hover_enabled=&#8221;off&#8221; button_one_border_width__hover_enabled=&#8221;off&#8221; button_two_border_width__hover_enabled=&#8221;off&#8221; button_border_color__hover_enabled=&#8221;off&#8221; button_one_border_color__hover_enabled=&#8221;off&#8221; button_two_border_color__hover_enabled=&#8221;off&#8221; button_border_radius__hover_enabled=&#8221;off&#8221; button_one_border_radius__hover_enabled=&#8221;off&#8221; button_two_border_radius__hover_enabled=&#8221;off&#8221; button_letter_spacing__hover_enabled=&#8221;off&#8221; button_one_letter_spacing__hover_enabled=&#8221;off&#8221; button_two_letter_spacing__hover_enabled=&#8221;off&#8221; button_bg_color__hover_enabled=&#8221;off&#8221; button_one_bg_color__hover_enabled=&#8221;off&#8221; button_two_bg_color__hover_enabled=&#8221;off&#8221;][\/et_pb_contact_field][\/et_pb_contact_form][\/et_pb_column][et_pb_column type=&#8221;1_2&#8243; _builder_version=&#8221;3.25&#8243; custom_padding=&#8221;|||&#8221; custom_padding__hover=&#8221;|||&#8221;][et_pb_blurb title=&#8221;Correo electr\u00f3nico&#8221; admin_label=&#8221;Address&#8221; _builder_version=&#8221;4.9.10&#8243; header_font=&#8221;Ubuntu||||||||&#8221; header_text_color=&#8221;rgba(255,255,255,0.7)&#8221; header_font_size=&#8221;16px&#8221; header_line_height=&#8221;1.9em&#8221; body_font=&#8221;Ubuntu|700|||||||&#8221; body_text_color=&#8221;#ffffff&#8221; body_font_size=&#8221;22px&#8221; body_line_height=&#8221;1.5em&#8221; animation_style=&#8221;slide&#8221;]<\/p>\n<p>Santa Fe: secretariastafe@hormigonerasa.com.ar<br \/>Paran\u00e1: administracion@hormigonerasa.com.ar<\/p>\n<p>[\/et_pb_blurb][et_pb_blurb title=&#8221;Horarios de atenci\u00f3n&#8221; admin_label=&#8221;Address&#8221; _builder_version=&#8221;4.9.10&#8243; header_font=&#8221;Ubuntu||||||||&#8221; header_text_color=&#8221;rgba(255,255,255,0.7)&#8221; header_font_size=&#8221;16px&#8221; header_line_height=&#8221;1.9em&#8221; body_font=&#8221;Ubuntu|700|||||||&#8221; body_text_color=&#8221;#ffffff&#8221; body_font_size=&#8221;22px&#8221; body_line_height=&#8221;1.5em&#8221; animation_style=&#8221;slide&#8221; animation_delay=&#8221;250ms&#8221;]<\/p>\n<p>Paran\u00e1:<br \/>Lunes &#8211; Viernes: 8:00 &#8211; 19:00 hs.<br \/>Tel: (0343) 4315254<\/p>\n<p>Santa Fe:<br \/>Lunes &#8211; Viernes: 8:00 &#8211; 16:00 hs.<br \/>Tel: (0342) 4596262 \/ 4598686<\/p>\n<p>[\/et_pb_blurb][et_pb_blurb title=&#8221;Localidad y Direcci\u00f3n&#8221; admin_label=&#8221;Address&#8221; _builder_version=&#8221;4.9.10&#8243; header_font=&#8221;Ubuntu||||||||&#8221; header_text_color=&#8221;rgba(255,255,255,0.7)&#8221; header_font_size=&#8221;16px&#8221; header_line_height=&#8221;1.9em&#8221; body_font=&#8221;Ubuntu|700|||||||&#8221; body_text_color=&#8221;#ffffff&#8221; body_font_size=&#8221;22px&#8221; body_line_height=&#8221;1.5em&#8221; animation_style=&#8221;slide&#8221; animation_delay=&#8221;650ms&#8221;]<\/p>\n<p>Paran\u00e1, Entre R\u00edos:<br \/><span style=\"font-size: 22px;\">Avenida Estrada 1600. CP: 3100<\/span><\/p>\n<p>Santa Fe, Capital:<br \/><span style=\"font-size: 22px;\">N. Rodr\u00edguez Pe\u00f1a y Circunvalaci\u00f3n. CP: 3000<\/span><\/p>\n<p>[\/et_pb_blurb][\/et_pb_column][\/et_pb_row][et_pb_row admin_label=&#8221;Map&#8221; _builder_version=&#8221;3.25&#8243; custom_padding=&#8221;||0px|&#8221;][et_pb_column type=&#8221;4_4&#8243; _builder_version=&#8221;3.25&#8243; custom_padding=&#8221;|||&#8221; custom_padding__hover=&#8221;|||&#8221;][et_pb_map address=&#8221;Av. Jos\u00e9 Manuel Estrada 1600, Paran\u00e1, Entre R\u00edos, Argentina&#8221; zoom_level=&#8221;10&#8243; address_lat=&#8221;-31.662182419608&#8243; address_lng=&#8221;-60.655929264723&#8243; _builder_version=&#8221;4.9.10&#8243;][et_pb_map_pin title=&#8221;Paran\u00e1&#8221; pin_address=&#8221;Av. Jos\u00e9 Manuel Estrada 1600, Paran\u00e1, Entre R\u00edos, Argentina&#8221; pin_address_lat=&#8221;-31.7120656&#8243; pin_address_lng=&#8221;-60.5443963&#8243; _builder_version=&#8221;4.9.7&#8243;][\/et_pb_map_pin][et_pb_map_pin title=&#8221;Santa Fe&#8221; pin_address=&#8221;Rodr\u00edguez Pe\u00f1a, Santa Fe, Argentina&#8221; pin_address_lat=&#8221;-31.6648865&#8243; pin_address_lng=&#8221;-60.7260328&#8243; _builder_version=&#8221;4.9.7&#8243;][\/et_pb_map_pin][\/et_pb_map][\/et_pb_column][\/et_pb_row][\/et_pb_section]<\/p>\n","protected":false},"excerpt":{"rendered":"<p>Cont\u00e1ctanos Con el objetivo de brindarle un mejor asesoramiento y atender las necesidades de su inter\u00e9s, puede comunicarse con nosotros en nuestras dependencias. Envianos un email Nombre Correo Electr\u00f3nico Empresa Localidad Detalles Enviar Correo electr\u00f3nico Santa Fe: secretariastafe@hormigonerasa.com.arParan\u00e1: administracion@hormigonerasa.com.ar Horarios de atenci\u00f3n Paran\u00e1:Lunes &#8211; Viernes: 8:00 &#8211; 19:00 hs.Tel: (0343) 4315254 Santa Fe:Lunes &#8211; Viernes: [&hellip;]<\/p>\n","protected":false},"author":3,"featured_media":0,"parent":0,"menu_order":0,"comment_status":"closed","ping_status":"closed","template":"","meta":{"_et_pb_use_builder":"on","_et_pb_old_content":"","_et_gb_content_width":""},"yoast_head":"<!-- This site is optimized with the Yoast SEO plugin v16.8 - https:\/\/yoast.com\/wordpress\/plugins\/seo\/ -->\n<title>Contacto - Hormigonera S.A. - Hormig\u00f3n Elaborado<\/title>\n<meta name=\"robots\" content=\"index, follow, max-snippet:-1, max-image-preview:large, max-video-preview:-1\" \/>\n<link rel=\"canonical\" href=\"https:\/\/www.hormigonerasa.com.ar\/?page_id=37\" \/>\n<meta property=\"og:locale\" content=\"es_ES\" \/>\n<meta property=\"og:type\" content=\"article\" \/>\n<meta property=\"og:title\" content=\"Contacto - Hormigonera S.A. - Hormig\u00f3n Elaborado\" \/>\n<meta property=\"og:description\" content=\"Cont\u00e1ctanos Con el objetivo de brindarle un mejor asesoramiento y atender las necesidades de su inter\u00e9s, puede comunicarse con nosotros en nuestras dependencias. Envianos un email Nombre Correo Electr\u00f3nico Empresa Localidad Detalles Enviar Correo electr\u00f3nico Santa Fe: secretariastafe@hormigonerasa.com.arParan\u00e1: administracion@hormigonerasa.com.ar Horarios de atenci\u00f3n Paran\u00e1:Lunes &#8211; Viernes: 8:00 &#8211; 19:00 hs.Tel: (0343) 4315254 Santa Fe:Lunes &#8211; Viernes: [&hellip;]\" \/>\n<meta property=\"og:url\" content=\"https:\/\/www.hormigonerasa.com.ar\/?page_id=37\" \/>\n<meta property=\"og:site_name\" content=\"Hormigonera S.A. - Hormig\u00f3n Elaborado\" \/>\n<meta property=\"article:modified_time\" content=\"2021-08-04T21:47:29+00:00\" \/>\n<meta name=\"twitter:card\" content=\"summary_large_image\" \/>\n<meta name=\"twitter:label1\" content=\"Tiempo de lectura\" \/>\n\t<meta name=\"twitter:data1\" content=\"8 minutos\" \/>\n<script type=\"application\/ld+json\" class=\"yoast-schema-graph\">{\"@context\":\"https:\/\/schema.org\",\"@graph\":[{\"@type\":\"WebSite\",\"@id\":\"https:\/\/www.hormigonerasa.com.ar\/#website\",\"url\":\"https:\/\/www.hormigonerasa.com.ar\/\",\"name\":\"Hormigonera S.A. - Hormig\\u00f3n Elaborado\",\"description\":\"Hormigonera S.A. - Hormig\\u00f3n Elaborado\",\"potentialAction\":[{\"@type\":\"SearchAction\",\"target\":{\"@type\":\"EntryPoint\",\"urlTemplate\":\"https:\/\/www.hormigonerasa.com.ar\/?s={search_term_string}\"},\"query-input\":\"required name=search_term_string\"}],\"inLanguage\":\"es-AR\"},{\"@type\":\"WebPage\",\"@id\":\"https:\/\/www.hormigonerasa.com.ar\/?page_id=37#webpage\",\"url\":\"https:\/\/www.hormigonerasa.com.ar\/?page_id=37\",\"name\":\"Contacto - Hormigonera S.A. - Hormig\\u00f3n Elaborado\",\"isPartOf\":{\"@id\":\"https:\/\/www.hormigonerasa.com.ar\/#website\"},\"datePublished\":\"2017-07-24T12:34:14+00:00\",\"dateModified\":\"2021-08-04T21:47:29+00:00\",\"breadcrumb\":{\"@id\":\"https:\/\/www.hormigonerasa.com.ar\/?page_id=37#breadcrumb\"},\"inLanguage\":\"es-AR\",\"potentialAction\":[{\"@type\":\"ReadAction\",\"target\":[\"https:\/\/www.hormigonerasa.com.ar\/?page_id=37\"]}]},{\"@type\":\"BreadcrumbList\",\"@id\":\"https:\/\/www.hormigonerasa.com.ar\/?page_id=37#breadcrumb\",\"itemListElement\":[{\"@type\":\"ListItem\",\"position\":1,\"name\":\"Inicio\",\"item\":\"https:\/\/www.hormigonerasa.com.ar\/\"},{\"@type\":\"ListItem\",\"position\":2,\"name\":\"Contacto\"}]}]}<\/script>\n<!-- \/ Yoast SEO plugin. -->","yoast_head_json":{"title":"Contacto - Hormigonera S.A. - Hormig\u00f3n Elaborado","robots":{"index":"index","follow":"follow","max-snippet":"max-snippet:-1","max-image-preview":"max-image-preview:large","max-video-preview":"max-video-preview:-1"},"canonical":"https:\/\/www.hormigonerasa.com.ar\/?page_id=37","og_locale":"es_ES","og_type":"article","og_title":"Contacto - Hormigonera S.A. - Hormig\u00f3n Elaborado","og_description":"Cont\u00e1ctanos Con el objetivo de brindarle un mejor asesoramiento y atender las necesidades de su inter\u00e9s, puede comunicarse con nosotros en nuestras dependencias. Envianos un email Nombre Correo Electr\u00f3nico Empresa Localidad Detalles Enviar Correo electr\u00f3nico Santa Fe: secretariastafe@hormigonerasa.com.arParan\u00e1: administracion@hormigonerasa.com.ar Horarios de atenci\u00f3n Paran\u00e1:Lunes &#8211; Viernes: 8:00 &#8211; 19:00 hs.Tel: (0343) 4315254 Santa Fe:Lunes &#8211; Viernes: [&hellip;]","og_url":"https:\/\/www.hormigonerasa.com.ar\/?page_id=37","og_site_name":"Hormigonera S.A. - Hormig\u00f3n Elaborado","article_modified_time":"2021-08-04T21:47:29+00:00","twitter_card":"summary_large_image","twitter_misc":{"Tiempo de lectura":"8 minutos"},"schema":{"@context":"https:\/\/schema.org","@graph":[{"@type":"WebSite","@id":"https:\/\/www.hormigonerasa.com.ar\/#website","url":"https:\/\/www.hormigonerasa.com.ar\/","name":"Hormigonera S.A. - Hormig\u00f3n Elaborado","description":"Hormigonera S.A. - Hormig\u00f3n Elaborado","potentialAction":[{"@type":"SearchAction","target":{"@type":"EntryPoint","urlTemplate":"https:\/\/www.hormigonerasa.com.ar\/?s={search_term_string}"},"query-input":"required name=search_term_string"}],"inLanguage":"es-AR"},{"@type":"WebPage","@id":"https:\/\/www.hormigonerasa.com.ar\/?page_id=37#webpage","url":"https:\/\/www.hormigonerasa.com.ar\/?page_id=37","name":"Contacto - Hormigonera S.A. - Hormig\u00f3n Elaborado","isPartOf":{"@id":"https:\/\/www.hormigonerasa.com.ar\/#website"},"datePublished":"2017-07-24T12:34:14+00:00","dateModified":"2021-08-04T21:47:29+00:00","breadcrumb":{"@id":"https:\/\/www.hormigonerasa.com.ar\/?page_id=37#breadcrumb"},"inLanguage":"es-AR","potentialAction":[{"@type":"ReadAction","target":["https:\/\/www.hormigonerasa.com.ar\/?page_id=37"]}]},{"@type":"BreadcrumbList","@id":"https:\/\/www.hormigonerasa.com.ar\/?page_id=37#breadcrumb","itemListElement":[{"@type":"ListItem","position":1,"name":"Inicio","item":"https:\/\/www.hormigonerasa.com.ar\/"},{"@type":"ListItem","position":2,"name":"Contacto"}]}]}},"_links":{"self":[{"href":"https:\/\/www.hormigonerasa.com.ar\/index.php?rest_route=\/wp\/v2\/pages\/37"}],"collection":[{"href":"https:\/\/www.hormigonerasa.com.ar\/index.php?rest_route=\/wp\/v2\/pages"}],"about":[{"href":"https:\/\/www.hormigonerasa.com.ar\/index.php?rest_route=\/wp\/v2\/types\/page"}],"author":[{"embeddable":true,"href":"https:\/\/www.hormigonerasa.com.ar\/index.php?rest_route=\/wp\/v2\/users\/3"}],"replies":[{"embeddable":true,"href":"https:\/\/www.hormigonerasa.com.ar\/index.php?rest_route=%2Fwp%2Fv2%2Fcomments&post=37"}],"version-history":[{"count":45,"href":"https:\/\/www.hormigonerasa.com.ar\/index.php?rest_route=\/wp\/v2\/pages\/37\/revisions"}],"predecessor-version":[{"id":722,"href":"https:\/\/www.hormigonerasa.com.ar\/index.php?rest_route=\/wp\/v2\/pages\/37\/revisions\/722"}],"wp:attachment":[{"href":"https:\/\/www.hormigonerasa.com.ar\/index.php?rest_route=%2Fwp%2Fv2%2Fmedia&parent=37"}],"curies":[{"name":"wp","href":"https:\/\/api.w.org\/{rel}","templated":true}]}}