{"id":180,"date":"2021-07-09T19:15:01","date_gmt":"2018-01-16T14:53:28","guid":{"rendered":"http:\/\/www.hormigonerasa.com.ar\/?page_id=180"},"modified":"2021-08-04T23:03:01","modified_gmt":"2021-08-05T02:03:01","slug":"productos-y-servicios","status":"publish","type":"page","link":"https:\/\/www.hormigonerasa.com.ar\/?page_id=180","title":{"rendered":"Productos y Servicios"},"content":{"rendered":"<p>[et_pb_section fb_built=&#8221;1&#8243; custom_padding_last_edited=&#8221;on|tablet&#8221; admin_label=&#8221;Hero Section&#8221; _builder_version=&#8221;4.9.10&#8243; use_background_color_gradient=&#8221;on&#8221; background_color_gradient_start=&#8221;rgba(255,255,255,0)&#8221; background_color_gradient_end=&#8221;#ffffff&#8221; background_color_gradient_overlays_image=&#8221;on&#8221; background_image=&#8221;http:\/\/www.hormigonerasa.com.ar\/wp-content\/uploads\/2021\/07\/5.png&#8221; custom_padding=&#8221;150px|0px|150px|0px|false|false&#8221; custom_padding_tablet=&#8221;|||&#8221; custom_padding_phone=&#8221;|||&#8221; da_disable_devices=&#8221;off|off|off&#8221; da_is_popup=&#8221;off&#8221; da_exit_intent=&#8221;off&#8221; da_has_close=&#8221;on&#8221; da_alt_close=&#8221;off&#8221; da_dark_close=&#8221;off&#8221; da_not_modal=&#8221;on&#8221; da_is_singular=&#8221;off&#8221; da_with_loader=&#8221;off&#8221; da_has_shadow=&#8221;on&#8221;][et_pb_row _builder_version=&#8221;3.25&#8243; custom_padding=&#8221;|||&#8221; animation_style=&#8221;slide&#8221; animation_direction=&#8221;bottom&#8221; animation_intensity_slide=&#8221;10%&#8221;][et_pb_column type=&#8221;4_4&#8243; _builder_version=&#8221;3.25&#8243; custom_padding=&#8221;|||&#8221; custom_padding__hover=&#8221;|||&#8221;][et_pb_text admin_label=&#8221;Title and subhead&#8221; _builder_version=&#8221;4.9.10&#8243; text_font=&#8221;Ubuntu||||||||&#8221; text_font_size=&#8221;16px&#8221; text_line_height=&#8221;1.8em&#8221; header_font=&#8221;Montserrat|700|||||||&#8221; header_font_size=&#8221;50px&#8221; header_line_height=&#8221;1.4em&#8221; header_2_font=&#8221;||||||||&#8221; text_orientation=&#8221;center&#8221; max_width=&#8221;600px&#8221; module_alignment=&#8221;center&#8221; hover_enabled=&#8221;0&#8243; header_font_size_tablet=&#8221;&#8221; header_font_size_phone=&#8221;40px&#8221; header_font_size_last_edited=&#8221;on|desktop&#8221; locked=&#8221;off&#8221; sticky_enabled=&#8221;0&#8243;]<\/p>\n<h1>Productos y Servicios<\/h1>\n<p><strong>El mejor hormig\u00f3n elaborado de la regi\u00f3n<\/strong><\/p>\n<p>[\/et_pb_text][\/et_pb_column][\/et_pb_row][\/et_pb_section][et_pb_section fb_built=&#8221;1&#8243; admin_label=&#8221;Things We Do Best&#8221; _builder_version=&#8221;3.22&#8243; custom_padding=&#8221;100px|0px|100px|0px&#8221; da_disable_devices=&#8221;off|off|off&#8221; da_is_popup=&#8221;off&#8221; da_exit_intent=&#8221;off&#8221; da_has_close=&#8221;on&#8221; da_alt_close=&#8221;off&#8221; da_dark_close=&#8221;off&#8221; da_not_modal=&#8221;on&#8221; da_is_singular=&#8221;off&#8221; da_with_loader=&#8221;off&#8221; da_has_shadow=&#8221;on&#8221;][et_pb_row admin_label=&#8221;Tittle Row&#8221; _builder_version=&#8221;3.25&#8243;][et_pb_column type=&#8221;4_4&#8243; _builder_version=&#8221;3.25&#8243; custom_padding=&#8221;|||&#8221; custom_padding__hover=&#8221;|||&#8221;][et_pb_text admin_label=&#8221;Title&#8221; _builder_version=&#8221;3.27.4&#8243; text_font=&#8221;Ubuntu||||||||&#8221; text_font_size=&#8221;16px&#8221; text_line_height=&#8221;1.8em&#8221; header_font=&#8221;||||||||&#8221; header_2_font=&#8221;Montserrat|700|||||||&#8221; header_2_font_size=&#8221;40px&#8221; header_2_line_height=&#8221;1.4em&#8221; text_orientation=&#8221;center&#8221; max_width=&#8221;600px&#8221; module_alignment=&#8221;center&#8221; custom_margin=&#8221;|||&#8221;]<\/p>\n<h2>SERVICIOS<\/h2>\n<p>[\/et_pb_text][\/et_pb_column][\/et_pb_row][et_pb_row column_structure=&#8221;1_3,1_3,1_3&#8243; use_custom_gutter=&#8221;on&#8221; gutter_width=&#8221;2&#8243; admin_label=&#8221;Core Skill&#8221; _builder_version=&#8221;3.25&#8243;][et_pb_column type=&#8221;1_3&#8243; _builder_version=&#8221;3.25&#8243; custom_padding=&#8221;|||&#8221; custom_padding__hover=&#8221;|||&#8221;][et_pb_blurb title=&#8221;Asesoramiento t\u00e9cnico especializado con el soporte de Loma Negra y GRACE Argentina.&#8221; use_icon=&#8221;on&#8221; font_icon=&#8221;%%157%%&#8221; icon_color=&#8221;#2A3443&#8243; icon_placement=&#8221;left&#8221; use_icon_font_size=&#8221;on&#8221; icon_font_size=&#8221;32px&#8221; admin_label=&#8221;Skill&#8221; _builder_version=&#8221;4.9.7&#8243; header_level=&#8221;h6&#8243; header_font=&#8221;Ubuntu|500|||||||&#8221; header_text_color=&#8221;#2A3443&#8243; header_font_size=&#8221;16px&#8221; header_line_height=&#8221;1.4em&#8221; body_font=&#8221;Ubuntu||||||||&#8221; body_text_color=&#8221;rgba(42,52,67,0.5)&#8221; body_font_size=&#8221;16px&#8221; body_line_height=&#8221;1.8em&#8221; custom_padding=&#8221;|||&#8221; animation=&#8221;off&#8221; border_radii=&#8221;on|5px|5px|5px|5px&#8221;]<\/p>\n<p>[\/et_pb_blurb][\/et_pb_column][et_pb_column type=&#8221;1_3&#8243; _builder_version=&#8221;3.25&#8243; custom_padding=&#8221;|||&#8221; custom_padding__hover=&#8221;|||&#8221;][et_pb_blurb title=&#8221;Laboratorio propio en cada ciudad para el control de calidad.&#8221; use_icon=&#8221;on&#8221; font_icon=&#8221;%%107%%&#8221; icon_color=&#8221;#2A3443&#8243; icon_placement=&#8221;left&#8221; use_icon_font_size=&#8221;on&#8221; icon_font_size=&#8221;32px&#8221; admin_label=&#8221;Skill&#8221; _builder_version=&#8221;4.9.7&#8243; header_level=&#8221;h6&#8243; header_font=&#8221;Ubuntu|500|||||||&#8221; header_text_color=&#8221;#2A3443&#8243; header_font_size=&#8221;16px&#8221; header_line_height=&#8221;1.4em&#8221; body_font=&#8221;Ubuntu||||||||&#8221; body_text_color=&#8221;rgba(42,52,67,0.5)&#8221; body_font_size=&#8221;16px&#8221; body_line_height=&#8221;1.8em&#8221; custom_padding=&#8221;|||&#8221; animation=&#8221;off&#8221; border_radii=&#8221;on|5px|5px|5px|5px&#8221;]<\/p>\n<p>[\/et_pb_blurb][\/et_pb_column][et_pb_column type=&#8221;1_3&#8243; _builder_version=&#8221;3.25&#8243; custom_padding=&#8221;|||&#8221; custom_padding__hover=&#8221;|||&#8221;][et_pb_blurb title=&#8221;Laboratorio m\u00f3vil para el control de calidad.&#8221; use_icon=&#8221;on&#8221; font_icon=&#8221;%%158%%&#8221; icon_color=&#8221;#2A3443&#8243; icon_placement=&#8221;left&#8221; use_icon_font_size=&#8221;on&#8221; icon_font_size=&#8221;32px&#8221; admin_label=&#8221;Skill&#8221; _builder_version=&#8221;4.9.7&#8243; header_level=&#8221;h6&#8243; header_font=&#8221;Ubuntu|500|||||||&#8221; header_text_color=&#8221;#2A3443&#8243; header_font_size=&#8221;16px&#8221; header_line_height=&#8221;1.4em&#8221; body_font=&#8221;Ubuntu||||||||&#8221; body_text_color=&#8221;rgba(42,52,67,0.5)&#8221; body_font_size=&#8221;16px&#8221; body_line_height=&#8221;1.8em&#8221; custom_padding=&#8221;|||&#8221; animation=&#8221;off&#8221; border_radii=&#8221;on|5px|5px|5px|5px&#8221;]<\/p>\n<p>[\/et_pb_blurb][\/et_pb_column][\/et_pb_row][et_pb_row column_structure=&#8221;1_3,1_3,1_3&#8243; use_custom_gutter=&#8221;on&#8221; gutter_width=&#8221;2&#8243; admin_label=&#8221;Core Skill&#8221; _builder_version=&#8221;3.25&#8243;][et_pb_column type=&#8221;1_3&#8243; _builder_version=&#8221;3.25&#8243; custom_padding=&#8221;|||&#8221; custom_padding__hover=&#8221;|||&#8221;][et_pb_blurb title=&#8221;Entregas con MIXER y cargas presintadas.&#8221; use_icon=&#8221;on&#8221; font_icon=&#8221;%%71%%&#8221; icon_color=&#8221;#2A3443&#8243; icon_placement=&#8221;left&#8221; use_icon_font_size=&#8221;on&#8221; icon_font_size=&#8221;32px&#8221; admin_label=&#8221;Skill&#8221; _builder_version=&#8221;4.9.7&#8243; header_level=&#8221;h6&#8243; header_font=&#8221;Ubuntu|500|||||||&#8221; header_text_color=&#8221;#2A3443&#8243; header_font_size=&#8221;16px&#8221; header_line_height=&#8221;1.4em&#8221; body_font=&#8221;Ubuntu||||||||&#8221; body_text_color=&#8221;rgba(42,52,67,0.5)&#8221; body_font_size=&#8221;16px&#8221; body_line_height=&#8221;1.8em&#8221; custom_padding=&#8221;|||&#8221; animation=&#8221;off&#8221; border_radii=&#8221;on|5px|5px|5px|5px&#8221;][\/et_pb_blurb][\/et_pb_column][et_pb_column type=&#8221;1_3&#8243; _builder_version=&#8221;3.25&#8243; custom_padding=&#8221;|||&#8221; custom_padding__hover=&#8221;|||&#8221;][et_pb_blurb title=&#8221;Servicio de bombeo de \u00faltima generaci\u00f3n.&#8221; use_icon=&#8221;on&#8221; font_icon=&#8221;%%159%%&#8221; icon_color=&#8221;#2A3443&#8243; icon_placement=&#8221;left&#8221; use_icon_font_size=&#8221;on&#8221; icon_font_size=&#8221;32px&#8221; admin_label=&#8221;Skill&#8221; _builder_version=&#8221;4.9.7&#8243; header_level=&#8221;h6&#8243; header_font=&#8221;Ubuntu|500|||||||&#8221; header_text_color=&#8221;#2A3443&#8243; header_font_size=&#8221;16px&#8221; header_line_height=&#8221;1.4em&#8221; body_font=&#8221;Ubuntu||||||||&#8221; body_text_color=&#8221;rgba(42,52,67,0.5)&#8221; body_font_size=&#8221;16px&#8221; body_line_height=&#8221;1.8em&#8221; custom_padding=&#8221;|||&#8221; animation=&#8221;off&#8221; border_radii=&#8221;on|5px|5px|5px|5px&#8221;][\/et_pb_blurb][\/et_pb_column][et_pb_column type=&#8221;1_3&#8243; _builder_version=&#8221;3.25&#8243; custom_padding=&#8221;|||&#8221; custom_padding__hover=&#8221;|||&#8221;][et_pb_blurb title=&#8221;Monitoreo satelital, seguimiento de log\u00edstica de entrega.&#8221; use_icon=&#8221;on&#8221; font_icon=&#8221;%%101%%&#8221; icon_color=&#8221;#2A3443&#8243; icon_placement=&#8221;left&#8221; use_icon_font_size=&#8221;on&#8221; icon_font_size=&#8221;32px&#8221; admin_label=&#8221;Skill&#8221; _builder_version=&#8221;3.0.93&#8243; header_level=&#8221;h6&#8243; header_font=&#8221;Ubuntu|500|||||||&#8221; header_text_color=&#8221;#2A3443&#8243; header_font_size=&#8221;16px&#8221; header_line_height=&#8221;1.4em&#8221; body_font=&#8221;Ubuntu||||||||&#8221; body_text_color=&#8221;rgba(42,52,67,0.5)&#8221; body_font_size=&#8221;16px&#8221; body_line_height=&#8221;1.8em&#8221; custom_padding=&#8221;|||&#8221; animation=&#8221;off&#8221; border_radii=&#8221;on|5px|5px|5px|5px&#8221;][\/et_pb_blurb][\/et_pb_column][\/et_pb_row][et_pb_row column_structure=&#8221;1_3,1_3,1_3&#8243; use_custom_gutter=&#8221;on&#8221; gutter_width=&#8221;2&#8243; admin_label=&#8221;Core Skill&#8221; _builder_version=&#8221;3.25&#8243;][et_pb_column type=&#8221;1_3&#8243; _builder_version=&#8221;3.25&#8243; custom_padding=&#8221;|||&#8221; custom_padding__hover=&#8221;|||&#8221;][et_pb_blurb title=&#8221;Plantas m\u00f3viles &#8211; Servicio en obra.&#8221; use_icon=&#8221;on&#8221; font_icon=&#8221;%%71%%&#8221; icon_color=&#8221;#2A3443&#8243; icon_placement=&#8221;left&#8221; use_icon_font_size=&#8221;on&#8221; icon_font_size=&#8221;32px&#8221; admin_label=&#8221;Skill&#8221; _builder_version=&#8221;4.9.7&#8243; header_level=&#8221;h6&#8243; header_font=&#8221;Ubuntu|500|||||||&#8221; header_text_color=&#8221;#2A3443&#8243; header_font_size=&#8221;16px&#8221; header_line_height=&#8221;1.4em&#8221; body_font=&#8221;Ubuntu||||||||&#8221; body_text_color=&#8221;rgba(42,52,67,0.5)&#8221; body_font_size=&#8221;16px&#8221; body_line_height=&#8221;1.8em&#8221; custom_padding=&#8221;|||&#8221; animation=&#8221;off&#8221; border_radii=&#8221;on|5px|5px|5px|5px&#8221;][\/et_pb_blurb][\/et_pb_column][et_pb_column type=&#8221;1_3&#8243; _builder_version=&#8221;3.25&#8243; custom_padding=&#8221;|||&#8221; custom_padding__hover=&#8221;|||&#8221;][et_pb_blurb title=&#8221;Transporte de hormig\u00f3n y arido &#8211; Amplia cobertura.&#8221; use_icon=&#8221;on&#8221; font_icon=&#8221;%%159%%&#8221; icon_color=&#8221;#2A3443&#8243; icon_placement=&#8221;left&#8221; use_icon_font_size=&#8221;on&#8221; icon_font_size=&#8221;32px&#8221; admin_label=&#8221;Skill&#8221; _builder_version=&#8221;4.9.7&#8243; header_level=&#8221;h6&#8243; header_font=&#8221;Ubuntu|500|||||||&#8221; header_text_color=&#8221;#2A3443&#8243; header_font_size=&#8221;16px&#8221; header_line_height=&#8221;1.4em&#8221; body_font=&#8221;Ubuntu||||||||&#8221; body_text_color=&#8221;rgba(42,52,67,0.5)&#8221; body_font_size=&#8221;16px&#8221; body_line_height=&#8221;1.8em&#8221; custom_padding=&#8221;|||&#8221; animation=&#8221;off&#8221; border_radii=&#8221;on|5px|5px|5px|5px&#8221;][\/et_pb_blurb][\/et_pb_column][et_pb_column type=&#8221;1_3&#8243; _builder_version=&#8221;3.25&#8243; custom_padding=&#8221;|||&#8221; custom_padding__hover=&#8221;|||&#8221;][et_pb_blurb title=&#8221;Servicio de extracci\u00f3n de testigos en obra.&#8221; use_icon=&#8221;on&#8221; font_icon=&#8221;%%101%%&#8221; icon_color=&#8221;#2A3443&#8243; icon_placement=&#8221;left&#8221; use_icon_font_size=&#8221;on&#8221; icon_font_size=&#8221;32px&#8221; admin_label=&#8221;Skill&#8221; _builder_version=&#8221;3.0.93&#8243; header_level=&#8221;h6&#8243; header_font=&#8221;Ubuntu|500|||||||&#8221; header_text_color=&#8221;#2A3443&#8243; header_font_size=&#8221;16px&#8221; header_line_height=&#8221;1.4em&#8221; body_font=&#8221;Ubuntu||||||||&#8221; body_text_color=&#8221;rgba(42,52,67,0.5)&#8221; body_font_size=&#8221;16px&#8221; body_line_height=&#8221;1.8em&#8221; custom_padding=&#8221;|||&#8221; animation=&#8221;off&#8221; border_radii=&#8221;on|5px|5px|5px|5px&#8221;][\/et_pb_blurb][\/et_pb_column][\/et_pb_row][et_pb_row admin_label=&#8221;Tittle Row&#8221; _builder_version=&#8221;3.25&#8243;][et_pb_column type=&#8221;4_4&#8243; _builder_version=&#8221;3.25&#8243; custom_padding=&#8221;|||&#8221; custom_padding__hover=&#8221;|||&#8221;][et_pb_text admin_label=&#8221;Title&#8221; _builder_version=&#8221;3.27.4&#8243; text_font=&#8221;Ubuntu||||||||&#8221; text_font_size=&#8221;16px&#8221; text_line_height=&#8221;1.8em&#8221; header_font=&#8221;||||||||&#8221; header_2_font=&#8221;Montserrat|700|||||||&#8221; header_2_font_size=&#8221;40px&#8221; header_2_line_height=&#8221;1.4em&#8221; text_orientation=&#8221;center&#8221; max_width=&#8221;600px&#8221; module_alignment=&#8221;center&#8221; custom_margin=&#8221;|||&#8221;]<\/p>\n<h2>PRODUCTOS<\/h2>\n<p>[\/et_pb_text][\/et_pb_column][\/et_pb_row][et_pb_row column_structure=&#8221;1_2,1_2&#8243; use_custom_gutter=&#8221;on&#8221; gutter_width=&#8221;2&#8243; admin_label=&#8221;Core Skill&#8221; _builder_version=&#8221;3.25&#8243;][et_pb_column type=&#8221;1_2&#8243; _builder_version=&#8221;3.25&#8243; custom_padding=&#8221;|||&#8221; custom_padding__hover=&#8221;|||&#8221;][et_pb_blurb title=&#8221;Venta de arena fina.&#8221; use_icon=&#8221;on&#8221; font_icon=&#8221;%%157%%&#8221; icon_color=&#8221;#2A3443&#8243; icon_placement=&#8221;left&#8221; use_icon_font_size=&#8221;on&#8221; icon_font_size=&#8221;32px&#8221; admin_label=&#8221;Skill&#8221; _builder_version=&#8221;4.9.7&#8243; header_level=&#8221;h6&#8243; header_font=&#8221;Ubuntu|500|||||||&#8221; header_text_color=&#8221;#2A3443&#8243; header_font_size=&#8221;16px&#8221; header_line_height=&#8221;1.4em&#8221; body_font=&#8221;Ubuntu||||||||&#8221; body_text_color=&#8221;rgba(42,52,67,0.5)&#8221; body_font_size=&#8221;16px&#8221; body_line_height=&#8221;1.8em&#8221; custom_padding=&#8221;|||&#8221; animation=&#8221;off&#8221; border_radii=&#8221;on|5px|5px|5px|5px&#8221;]<\/p>\n<p>[\/et_pb_blurb][\/et_pb_column][et_pb_column type=&#8221;1_2&#8243; _builder_version=&#8221;3.25&#8243; custom_padding=&#8221;|||&#8221; custom_padding__hover=&#8221;|||&#8221;][et_pb_blurb title=&#8221;Hormig\u00f3n premezclado:&#8221; use_icon=&#8221;on&#8221; font_icon=&#8221;%%107%%&#8221; icon_color=&#8221;#2A3443&#8243; icon_placement=&#8221;left&#8221; use_icon_font_size=&#8221;on&#8221; icon_font_size=&#8221;32px&#8221; admin_label=&#8221;Skill&#8221; _builder_version=&#8221;4.9.7&#8243; header_level=&#8221;h6&#8243; header_font=&#8221;Ubuntu|500|||||||&#8221; header_text_color=&#8221;#2A3443&#8243; header_font_size=&#8221;16px&#8221; header_line_height=&#8221;1.4em&#8221; body_font=&#8221;Ubuntu||||||||&#8221; body_text_color=&#8221;rgba(42,52,67,0.5)&#8221; body_font_size=&#8221;16px&#8221; body_line_height=&#8221;1.8em&#8221; custom_padding=&#8221;|||&#8221; animation=&#8221;off&#8221; border_radii=&#8221;on|5px|5px|5px|5px&#8221;]<\/p>\n<p>Elaboramos y distribuimos el hormig\u00f3n a pedido de nuestros clientes.<\/p>\n<p>[\/et_pb_blurb][\/et_pb_column][\/et_pb_row][et_pb_row _builder_version=&#8221;4.9.7&#8243; _module_preset=&#8221;default&#8221;][et_pb_column type=&#8221;4_4&#8243; _builder_version=&#8221;4.9.7&#8243; _module_preset=&#8221;default&#8221;][et_pb_text _builder_version=&#8221;4.9.7&#8243; _module_preset=&#8221;default&#8221;]<\/p>\n<h3 style=\"text-align: center;\">Tipos de hormig\u00f3n:<\/h3>\n<p>[\/et_pb_text][\/et_pb_column][\/et_pb_row][et_pb_row _builder_version=&#8221;4.9.7&#8243; _module_preset=&#8221;default&#8221;][et_pb_column type=&#8221;4_4&#8243; _builder_version=&#8221;4.9.7&#8243; _module_preset=&#8221;default&#8221;][et_pb_image src=&#8221;https:\/\/www.hormigonerasa.com.ar\/wp-content\/uploads\/2021\/07\/tipos-de-hormigon-2-768&#215;840-1.jpg&#8221; align=&#8221;center&#8221; _builder_version=&#8221;4.9.7&#8243; _module_preset=&#8221;default&#8221;][\/et_pb_image][\/et_pb_column][\/et_pb_row][\/et_pb_section][et_pb_section fb_built=&#8221;1&#8243; admin_label=&#8221;Feature &#8211; Image Right&#8221; _builder_version=&#8221;3.22&#8243; background_color=&#8221;#f3f5f9&#8243; custom_padding=&#8221;0px|0px|0px|0px&#8221; da_disable_devices=&#8221;off|off|off&#8221; box_shadow_style=&#8221;preset7&#8243; box_shadow_horizontal=&#8221;0px&#8221; box_shadow_vertical=&#8221;80px&#8221; box_shadow_color=&#8221;#ffffff&#8221; da_is_popup=&#8221;off&#8221; da_exit_intent=&#8221;off&#8221; da_has_close=&#8221;on&#8221; da_alt_close=&#8221;off&#8221; da_dark_close=&#8221;off&#8221; da_not_modal=&#8221;on&#8221; da_is_singular=&#8221;off&#8221; da_with_loader=&#8221;off&#8221; da_has_shadow=&#8221;on&#8221;][et_pb_row column_structure=&#8221;1_2,1_2&#8243; use_custom_gutter=&#8221;on&#8221; gutter_width=&#8221;1&#8243; admin_label=&#8221;Row&#8221; module_class=&#8221; et_pb_row_fullwidth&#8221; _builder_version=&#8221;3.25&#8243; width=&#8221;100%&#8221; width_tablet=&#8221;100%&#8221; width_phone=&#8221;&#8221; width_last_edited=&#8221;on|desktop&#8221; max_width=&#8221;100%&#8221; max_width_tablet=&#8221;100%&#8221; max_width_phone=&#8221;&#8221; max_width_last_edited=&#8221;on|desktop&#8221; custom_padding=&#8221;0px||0px|&#8221; make_fullwidth=&#8221;on&#8221;][et_pb_column type=&#8221;1_2&#8243; _builder_version=&#8221;3.25&#8243; custom_padding=&#8221;140px|10%|60px|10%&#8221; custom_padding__hover=&#8221;|||&#8221;][et_pb_text admin_label=&#8221;Title&#8221; _builder_version=&#8221;3.27.4&#8243; text_font=&#8221;Ubuntu||||||||&#8221; text_font_size=&#8221;16px&#8221; text_line_height=&#8221;1.8em&#8221; header_font=&#8221;||||||||&#8221; header_2_font=&#8221;Montserrat|700|||||||&#8221; header_2_font_size=&#8221;40px&#8221; header_2_line_height=&#8221;1.4em&#8221; max_width=&#8221;600px&#8221; module_alignment=&#8221;right&#8221; custom_margin=&#8221;|||&#8221; custom_padding=&#8221;|||&#8221; locked=&#8221;off&#8221;]<\/p>\n<h2>Hormigonera S.A.<\/h2>\n<p>Una empresa l\u00edder en la regi\u00f3n.<\/p>\n<p>[\/et_pb_text][\/et_pb_column][et_pb_column type=&#8221;1_2&#8243; _builder_version=&#8221;3.25&#8243; custom_padding=&#8221;|||&#8221; custom_padding__hover=&#8221;|||&#8221;][et_pb_image src=&#8221;https:\/\/www.hormigonerasa.com.ar\/wp-content\/uploads\/2021\/07\/DSC_1448-scaled.jpg&#8221; title_text=&#8221;hormigonera&#8221; align=&#8221;center&#8221; force_fullwidth=&#8221;on&#8221; _builder_version=&#8221;4.9.7&#8243; module_alignment=&#8221;center&#8221; animation_style=&#8221;slide&#8221; animation_direction=&#8221;right&#8221; animation_intensity_slide=&#8221;10%&#8221; animation_starting_opacity=&#8221;100%&#8221; always_center_on_mobile=&#8221;off&#8221;][\/et_pb_image][\/et_pb_column][\/et_pb_row][\/et_pb_section]<\/p>\n","protected":false},"excerpt":{"rendered":"<p>Productos y Servicios El mejor hormig\u00f3n elaborado de la regi\u00f3n SERVICIOS &#xe104; Asesoramiento t\u00e9cnico especializado con el soporte de Loma Negra y GRACE Argentina. &#xe00e; Laboratorio propio en cada ciudad para el control de calidad. &#xe0e9; Laboratorio m\u00f3vil para el control de calidad. &#x68; Entregas con MIXER y cargas presintadas. &#xe109; Servicio de bombeo de [&hellip;]<\/p>\n","protected":false},"author":3,"featured_media":0,"parent":0,"menu_order":0,"comment_status":"closed","ping_status":"closed","template":"","meta":{"_et_pb_use_builder":"on","_et_pb_old_content":"","_et_gb_content_width":""},"yoast_head":"<!-- This site is optimized with the Yoast SEO plugin v16.8 - https:\/\/yoast.com\/wordpress\/plugins\/seo\/ -->\n<title>Productos y Servicios - Hormigonera S.A. - Hormig\u00f3n Elaborado<\/title>\n<meta name=\"robots\" content=\"index, follow, max-snippet:-1, max-image-preview:large, max-video-preview:-1\" \/>\n<link rel=\"canonical\" href=\"https:\/\/www.hormigonerasa.com.ar\/?page_id=180\" \/>\n<meta property=\"og:locale\" content=\"es_ES\" \/>\n<meta property=\"og:type\" content=\"article\" \/>\n<meta property=\"og:title\" content=\"Productos y Servicios - Hormigonera S.A. - Hormig\u00f3n Elaborado\" \/>\n<meta property=\"og:description\" content=\"Productos y Servicios El mejor hormig\u00f3n elaborado de la regi\u00f3n SERVICIOS &#xe104; Asesoramiento t\u00e9cnico especializado con el soporte de Loma Negra y GRACE Argentina. &#xe00e; Laboratorio propio en cada ciudad para el control de calidad. &#xe0e9; Laboratorio m\u00f3vil para el control de calidad. &#x68; Entregas con MIXER y cargas presintadas. &#xe109; Servicio de bombeo de [&hellip;]\" \/>\n<meta property=\"og:url\" content=\"https:\/\/www.hormigonerasa.com.ar\/?page_id=180\" \/>\n<meta property=\"og:site_name\" content=\"Hormigonera S.A. - Hormig\u00f3n Elaborado\" \/>\n<meta property=\"article:modified_time\" content=\"2021-08-05T02:03:01+00:00\" \/>\n<meta name=\"twitter:card\" content=\"summary_large_image\" \/>\n<meta name=\"twitter:label1\" content=\"Tiempo de lectura\" \/>\n\t<meta name=\"twitter:data1\" content=\"10 minutos\" \/>\n<script type=\"application\/ld+json\" class=\"yoast-schema-graph\">{\"@context\":\"https:\/\/schema.org\",\"@graph\":[{\"@type\":\"WebSite\",\"@id\":\"https:\/\/www.hormigonerasa.com.ar\/#website\",\"url\":\"https:\/\/www.hormigonerasa.com.ar\/\",\"name\":\"Hormigonera S.A. - Hormig\\u00f3n Elaborado\",\"description\":\"Hormigonera S.A. - Hormig\\u00f3n Elaborado\",\"potentialAction\":[{\"@type\":\"SearchAction\",\"target\":{\"@type\":\"EntryPoint\",\"urlTemplate\":\"https:\/\/www.hormigonerasa.com.ar\/?s={search_term_string}\"},\"query-input\":\"required name=search_term_string\"}],\"inLanguage\":\"es-AR\"},{\"@type\":\"WebPage\",\"@id\":\"https:\/\/www.hormigonerasa.com.ar\/?page_id=180#webpage\",\"url\":\"https:\/\/www.hormigonerasa.com.ar\/?page_id=180\",\"name\":\"Productos y Servicios - Hormigonera S.A. - Hormig\\u00f3n Elaborado\",\"isPartOf\":{\"@id\":\"https:\/\/www.hormigonerasa.com.ar\/#website\"},\"datePublished\":\"2018-01-16T14:53:28+00:00\",\"dateModified\":\"2021-08-05T02:03:01+00:00\",\"breadcrumb\":{\"@id\":\"https:\/\/www.hormigonerasa.com.ar\/?page_id=180#breadcrumb\"},\"inLanguage\":\"es-AR\",\"potentialAction\":[{\"@type\":\"ReadAction\",\"target\":[\"https:\/\/www.hormigonerasa.com.ar\/?page_id=180\"]}]},{\"@type\":\"BreadcrumbList\",\"@id\":\"https:\/\/www.hormigonerasa.com.ar\/?page_id=180#breadcrumb\",\"itemListElement\":[{\"@type\":\"ListItem\",\"position\":1,\"name\":\"Inicio\",\"item\":\"https:\/\/www.hormigonerasa.com.ar\/\"},{\"@type\":\"ListItem\",\"position\":2,\"name\":\"Productos y Servicios\"}]}]}<\/script>\n<!-- \/ Yoast SEO plugin. -->","yoast_head_json":{"title":"Productos y Servicios - Hormigonera S.A. - Hormig\u00f3n Elaborado","robots":{"index":"index","follow":"follow","max-snippet":"max-snippet:-1","max-image-preview":"max-image-preview:large","max-video-preview":"max-video-preview:-1"},"canonical":"https:\/\/www.hormigonerasa.com.ar\/?page_id=180","og_locale":"es_ES","og_type":"article","og_title":"Productos y Servicios - Hormigonera S.A. - Hormig\u00f3n Elaborado","og_description":"Productos y Servicios El mejor hormig\u00f3n elaborado de la regi\u00f3n SERVICIOS &#xe104; Asesoramiento t\u00e9cnico especializado con el soporte de Loma Negra y GRACE Argentina. &#xe00e; Laboratorio propio en cada ciudad para el control de calidad. &#xe0e9; Laboratorio m\u00f3vil para el control de calidad. &#x68; Entregas con MIXER y cargas presintadas. &#xe109; Servicio de bombeo de [&hellip;]","og_url":"https:\/\/www.hormigonerasa.com.ar\/?page_id=180","og_site_name":"Hormigonera S.A. - Hormig\u00f3n Elaborado","article_modified_time":"2021-08-05T02:03:01+00:00","twitter_card":"summary_large_image","twitter_misc":{"Tiempo de lectura":"10 minutos"},"schema":{"@context":"https:\/\/schema.org","@graph":[{"@type":"WebSite","@id":"https:\/\/www.hormigonerasa.com.ar\/#website","url":"https:\/\/www.hormigonerasa.com.ar\/","name":"Hormigonera S.A. - Hormig\u00f3n Elaborado","description":"Hormigonera S.A. - Hormig\u00f3n Elaborado","potentialAction":[{"@type":"SearchAction","target":{"@type":"EntryPoint","urlTemplate":"https:\/\/www.hormigonerasa.com.ar\/?s={search_term_string}"},"query-input":"required name=search_term_string"}],"inLanguage":"es-AR"},{"@type":"WebPage","@id":"https:\/\/www.hormigonerasa.com.ar\/?page_id=180#webpage","url":"https:\/\/www.hormigonerasa.com.ar\/?page_id=180","name":"Productos y Servicios - Hormigonera S.A. - Hormig\u00f3n Elaborado","isPartOf":{"@id":"https:\/\/www.hormigonerasa.com.ar\/#website"},"datePublished":"2018-01-16T14:53:28+00:00","dateModified":"2021-08-05T02:03:01+00:00","breadcrumb":{"@id":"https:\/\/www.hormigonerasa.com.ar\/?page_id=180#breadcrumb"},"inLanguage":"es-AR","potentialAction":[{"@type":"ReadAction","target":["https:\/\/www.hormigonerasa.com.ar\/?page_id=180"]}]},{"@type":"BreadcrumbList","@id":"https:\/\/www.hormigonerasa.com.ar\/?page_id=180#breadcrumb","itemListElement":[{"@type":"ListItem","position":1,"name":"Inicio","item":"https:\/\/www.hormigonerasa.com.ar\/"},{"@type":"ListItem","position":2,"name":"Productos y Servicios"}]}]}},"_links":{"self":[{"href":"https:\/\/www.hormigonerasa.com.ar\/index.php?rest_route=\/wp\/v2\/pages\/180"}],"collection":[{"href":"https:\/\/www.hormigonerasa.com.ar\/index.php?rest_route=\/wp\/v2\/pages"}],"about":[{"href":"https:\/\/www.hormigonerasa.com.ar\/index.php?rest_route=\/wp\/v2\/types\/page"}],"author":[{"embeddable":true,"href":"https:\/\/www.hormigonerasa.com.ar\/index.php?rest_route=\/wp\/v2\/users\/3"}],"replies":[{"embeddable":true,"href":"https:\/\/www.hormigonerasa.com.ar\/index.php?rest_route=%2Fwp%2Fv2%2Fcomments&post=180"}],"version-history":[{"count":21,"href":"https:\/\/www.hormigonerasa.com.ar\/index.php?rest_route=\/wp\/v2\/pages\/180\/revisions"}],"predecessor-version":[{"id":736,"href":"https:\/\/www.hormigonerasa.com.ar\/index.php?rest_route=\/wp\/v2\/pages\/180\/revisions\/736"}],"wp:attachment":[{"href":"https:\/\/www.hormigonerasa.com.ar\/index.php?rest_route=%2Fwp%2Fv2%2Fmedia&parent=180"}],"curies":[{"name":"wp","href":"https:\/\/api.w.org\/{rel}","templated":true}]}}